{"id":1053,"date":"2017-11-13T13:09:29","date_gmt":"2017-11-13T13:09:29","guid":{"rendered":"http:\/\/www.engage.veented.com\/business\/?page_id=1053"},"modified":"2023-08-11T19:47:08","modified_gmt":"2023-08-11T19:47:08","slug":"contacto","status":"publish","type":"page","link":"https:\/\/vestigaconsultores.com\/en\/contacto\/","title":{"rendered":"CONTACT"},"content":{"rendered":"<div data-vc-full-width=\"true\" data-vc-full-width-init=\"false\" class=\"vc_row wpb_row vc_row-fluid vc_custom_1493998472841 vc_row-stretch\"><div class=\"wpb_column vc_column_container vc_col-sm-8 col-has-padding col-padding-2 col-padding-right\"><div class=\"vc_column-inner\"><div class=\"wpb_wrapper\">\n\t<div class=\"wpb_text_column wpb_content_element  vc_custom_1691783198228\">\n\t\t<div class=\"wpb_wrapper\">\n\t\t\t<p>Puedes visitarnos en <strong><a href=\"https:\/\/www.linkedin.com\/company\/74689204\/admin\/\">LinkedIn<\/a><\/strong>.<\/p>\n<p>&nbsp;<\/p>\n<h3>CONTACT US<\/h3>\n<menu id=\"fcltHTML5Menu1\" type=\"context\"><\/menu>\n<menu id=\"fcltHTML5Menu1\" type=\"context\"><\/menu>\n\n\t\t<\/div>\n\t<\/div>\n\n\t<div class=\"wpb_text_column wpb_content_element\">\n\t\t<div class=\"wpb_wrapper\">\n\t\t\t<div role=\"form\" class=\"wpcf7\" id=\"wpcf7-f711145-o1\" lang=\"es-ES\" dir=\"ltr\">\n<div class=\"screen-reader-response\"><p role=\"status\" aria-live=\"polite\" aria-atomic=\"true\"><\/p> <ul><\/ul><\/div>\n<form action=\"\/en\/wp-json\/wp\/v2\/pages\/1053#wpcf7-f711145-o1\" method=\"post\" class=\"wpcf7-form init\" novalidate=\"novalidate\" data-status=\"init\" data-trp-original-action=\"\/en\/wp-json\/wp\/v2\/pages\/1053#wpcf7-f711145-o1\">\n<div style=\"display: none;\">\n<input type=\"hidden\" name=\"_wpcf7\" value=\"711145\" \/>\n<input type=\"hidden\" name=\"_wpcf7_version\" value=\"5.4.1\" \/>\n<input type=\"hidden\" name=\"_wpcf7_locale\" value=\"es_ES\" \/>\n<input type=\"hidden\" name=\"_wpcf7_unit_tag\" value=\"wpcf7-f711145-o1\" \/>\n<input type=\"hidden\" name=\"_wpcf7_container_post\" value=\"0\" \/>\n<input type=\"hidden\" name=\"_wpcf7_posted_data_hash\" value=\"\" \/>\n<\/div>\n<div class=\"vc_row\">\n<div class=\"vc_col-sm-6\">\n<label><br \/>\n    <span class=\"wpcf7-form-control-wrap your-name\"><input type=\"text\" name=\"your-name\" value=\"Nombre\" size=\"40\" class=\"wpcf7-form-control wpcf7-text wpcf7-validates-as-required\" aria-required=\"true\" aria-invalid=\"false\" \/><\/span> <\/label>\n<\/div>\n<div class=\"vc_col-sm-6\">\n<label><br \/>\n    <span class=\"wpcf7-form-control-wrap your-email\"><input type=\"email\" name=\"your-email\" value=\"Email\" size=\"40\" class=\"wpcf7-form-control wpcf7-text wpcf7-email wpcf7-validates-as-required wpcf7-validates-as-email\" aria-required=\"true\" aria-invalid=\"false\" \/><\/span> <\/label>\n<\/div>\n<\/div>\n<p><label><br \/>\n    <span class=\"wpcf7-form-control-wrap tel\"><input type=\"text\" name=\"tel\" value=\"Tel\u00e9fono\" size=\"40\" class=\"wpcf7-form-control wpcf7-text wpcf7-validates-as-required\" aria-required=\"true\" aria-invalid=\"false\" \/><\/span> <\/label><\/p>\n<p><label><br \/>\n    <span class=\"wpcf7-form-control-wrap your-subject\"><input type=\"text\" name=\"your-subject\" value=\"Asunto\" size=\"40\" class=\"wpcf7-form-control wpcf7-text wpcf7-validates-as-required\" aria-required=\"true\" aria-invalid=\"false\" \/><\/span> <\/label><\/p>\n<p><label><br \/>\n    <span class=\"wpcf7-form-control-wrap your-message\"><textarea name=\"your-message\" cols=\"40\" rows=\"10\" class=\"wpcf7-form-control wpcf7-textarea wpcf7-validates-as-required\" aria-required=\"true\" aria-invalid=\"false\">Mensaje<\/textarea><\/span> <\/label><\/p>\n<p><label><span class=\"wpcf7-form-control-wrap Aceptacion\"><span class=\"wpcf7-form-control wpcf7-acceptance\"><span class=\"wpcf7-list-item\"><input type=\"checkbox\" name=\"Aceptacion\" value=\"1\" aria-invalid=\"false\" \/><\/span><\/span><\/span> I have read and accept the <a href=\"https:\/\/vestigaconsultores.com\/en\/aviso-de-privacidad\/\" \"rel_nofollow\" target=\"_blank\" rel=\"noopener\">Privacy Policy<\/a>.<\/label><\/p>\n<p><input type=\"submit\" value=\"Send\" class=\"wpcf7-form-control wpcf7-submit\" \/><\/p>\n<div class=\"wpcf7-response-output\" aria-hidden=\"true\"><\/div><input type=\"hidden\" name=\"trp-form-language\" value=\"en\"\/><\/form><\/div>\n\n\t\t<\/div>\n\t<\/div>\n<\/div><\/div><\/div><div class=\"wpb_column vc_column_container vc_col-sm-4 col-has-padding col-padding-2 col-padding-left\"><div class=\"vc_column-inner\"><div class=\"wpb_wrapper\">\n\t<div class=\"wpb_text_column wpb_content_element\">\n\t\t<div class=\"wpb_wrapper\">\n\t\t\t<h3>Contact Information<\/h3>\n\n\t\t<\/div>\n\t<\/div>\n<div class=\"vc_separator wpb_content_element vc_separator_align_center vc_sep_width_100 vc_sep_pos_align_center vc_separator_no_text vc_sep_color_grey\" ><span class=\"vc_sep_holder vc_sep_holder_l\"><span  class=\"vc_sep_line\"><\/span><\/span><span class=\"vc_sep_holder vc_sep_holder_r\"><span  class=\"vc_sep_line\"><\/span><\/span>\n<\/div>\n\t<div  class=\"wpb_single_image wpb_content_element vc_align_left\">\n\t\t\n\t\t<figure class=\"wpb_wrapper vc_figure\">\n\t\t\t<div class=\"vc_single_image-wrapper   vc_box_border_grey\"><img width=\"640\" height=\"426\" src=\"https:\/\/vestigaconsultores.com\/wp-content\/uploads\/2021\/05\/VESTIGA_contacto_640x426.jpg\" class=\"vc_single_image-img attachment-full\" alt=\"Vestiga Contacto\" srcset=\"https:\/\/vestigaconsultores.com\/wp-content\/uploads\/2021\/05\/VESTIGA_contacto_640x426.jpg 640w, https:\/\/vestigaconsultores.com\/wp-content\/uploads\/2021\/05\/VESTIGA_contacto_640x426-300x200.jpg 300w, https:\/\/vestigaconsultores.com\/wp-content\/uploads\/2021\/05\/VESTIGA_contacto_640x426-600x399.jpg 600w\" sizes=\"(max-width: 640px) 100vw, 640px\" \/><\/div>\n\t\t<\/figure>\n\t<\/div>\n<div class=\"vc_separator wpb_content_element vc_separator_align_center vc_sep_width_100 vc_sep_pos_align_center vc_separator_no_text vc_sep_color_grey\" ><span class=\"vc_sep_holder vc_sep_holder_l\"><span  class=\"vc_sep_line\"><\/span><\/span><span class=\"vc_sep_holder vc_sep_holder_r\"><span  class=\"vc_sep_line\"><\/span><\/span>\n<\/div><div class=\"vntd-contact-details vntd-icon-list icon-list-regular icon-list-no-border icon-list-color-accent icon-list-circle\"><h5>Ciudad de M\u00e9xico<\/h5><ul class=\"icon-list\"><li class=\"contact-details-address\"><a href=\"https:\/\/www.google.com\/maps\/place\/Homero+#538,+Int.+304,+Col.+Polanco+V+Secci\u00f3n,+Alcald\u00eda+Miguel+Hidalgo,+11560,+Ciudad+de+M\u00e9xico\/\" target=\"_blank\" title=\"View Map\"><i class=\"fa fa-map-o bg-color-accent\"><\/i><span class=\"icon-list-text\">Homero #538, Int. 304, Col. Polanco V Secci\u00f3n, Alcald\u00eda Miguel Hidalgo, 11560, Ciudad de M\u00e9xico<\/span><\/a><\/li><li class=\"contact-details-phone\"><a href=\"tel:5591838216\"><i class=\"fa fa-phone bg-color-accent\"><\/i><span class=\"icon-list-text\">55 9183 8216<\/span><\/a><\/li><li class=\"contact-details-email email1\"><a href=\"mailto:atencion.clientes@vestigaconsultores.com\"><i class=\"fa fa-envelope-o bg-color-accent\"><\/i><span class=\"icon-list-text\">customer.service@vestigaconsultores.com<\/span><\/a><\/li><\/ul><\/div><div class=\"vc_separator wpb_content_element vc_separator_align_center vc_sep_width_100 vc_sep_pos_align_center vc_separator_no_text vc_sep_color_grey\" ><span class=\"vc_sep_holder vc_sep_holder_l\"><span  class=\"vc_sep_line\"><\/span><\/span><span class=\"vc_sep_holder vc_sep_holder_r\"><span  class=\"vc_sep_line\"><\/span><\/span>\n<\/div><div class=\"vntd-contact-details vntd-icon-list icon-list-regular icon-list-no-border icon-list-color-accent icon-list-circle\"><h5>Monterrey<\/h5><ul class=\"icon-list\"><li class=\"contact-details-address\"><a href=\"https:\/\/www.google.com\/maps\/place\/R\u00edo+Guadalquivir+#12,+Col.+Del+Valle,+San+Pedro+Garza+Garc\u00eda,+Nuevo+Le\u00f3n,+C.P.+66220\/\" target=\"_blank\" title=\"View Map\"><i class=\"fa fa-map-o bg-color-accent\"><\/i><span class=\"icon-list-text\">R\u00edo Guadalquivir #12, Col. Del Valle, San Pedro Garza Garc\u00eda, Nuevo Le\u00f3n, C.P. 66220<\/span><\/a><\/li><li class=\"contact-details-phone\"><a href=\"tel:8147773893\"><i class=\"fa fa-phone bg-color-accent\"><\/i><span class=\"icon-list-text\">814 777 38 93<\/span><\/a><\/li><li class=\"contact-details-email email1\"><a href=\"mailto:atencion.clientes@vestigaconsultores.com\"><i class=\"fa fa-envelope-o bg-color-accent\"><\/i><span class=\"icon-list-text\">customer.service@vestigaconsultores.com<\/span><\/a><\/li><\/ul><\/div><\/div><\/div><\/div><\/div><div class=\"vc_row-full-width vc_clearfix\"><\/div><div data-vc-full-width=\"true\" data-vc-full-width-init=\"false\" data-vc-stretch-content=\"true\" class=\"vc_row wpb_row vc_row-fluid vc_custom_1510578471620 vc_row-stretch vc_row-no-padding\"><div class=\"wpb_column vc_column_container vc_col-sm-12\"><div class=\"vc_column-inner\"><div class=\"wpb_wrapper\"><\/div><\/div><\/div><\/div><div class=\"vc_row-full-width vc_clearfix\"><\/div><div data-vc-full-width=\"true\" data-vc-full-width-init=\"false\" class=\"vc_row wpb_row vc_row-fluid vc_row-stretch\"><div class=\"wpb_column vc_column_container vc_col-sm-12\"><div class=\"vc_column-inner\"><div class=\"wpb_wrapper\">\n\t<div class=\"wpb_text_column wpb_content_element\">\n\t\t<div class=\"wpb_wrapper\">\n\t\t\t<menu id=\"fcltHTML5Menu1\" type=\"context\"><\/menu>\n\n\t\t<\/div>\n\t<\/div>\n<\/div><\/div><\/div><\/div><div class=\"vc_row-full-width vc_clearfix\"><\/div><div data-vc-full-width=\"true\" data-vc-full-width-init=\"false\" class=\"vc_row wpb_row vc_row-fluid vc_row-stretch\"><div class=\"wpb_column vc_column_container vc_col-sm-12\"><div class=\"vc_column-inner\"><div class=\"wpb_wrapper\">\n\t<div class=\"wpb_text_column wpb_content_element\">\n\t\t<div class=\"wpb_wrapper\">\n\t\t\t<menu id=\"fcltHTML5Menu1\" type=\"context\"><\/menu>\n\n\t\t<\/div>\n\t<\/div>\n<\/div><\/div><\/div><\/div><div class=\"vc_row-full-width vc_clearfix\"><\/div>","protected":false},"excerpt":{"rendered":"Puedes visitarnos en LinkedIn. &nbsp; Cont\u00e1ctanos Mensaje He le\u00eddo y acepto la Pol\u00edtica de Privacidad. Informaci\u00f3n de Contacto Ciudad de M\u00e9xicoHomero #538, Int. 304, Col. Polanco V Secci\u00f3n, Alcald\u00eda Miguel Hidalgo, 11560, Ciudad de M\u00e9xico55 9183 8216atencion.clientes@vestigaconsultores.com MonterreyR\u00edo Guadalquivir #12, Col. Del Valle, San Pedro Garza Garc\u00eda, Nuevo Le\u00f3n, C.P. [...]","protected":false},"author":1,"featured_media":0,"parent":0,"menu_order":0,"comment_status":"closed","ping_status":"closed","template":"","meta":{"_mi_skip_tracking":false},"yoast_head":"<!-- This site is optimized with the Yoast SEO plugin v16.1.1 - https:\/\/yoast.com\/wordpress\/plugins\/seo\/ -->\n<title>Contacto - Vestiga Consultores<\/title>\n<meta name=\"description\" content=\"Vestiga Consultores se ubica en Homero #538, Int. 304, Col. Polanco V Secci\u00f3n, Alcald\u00eda Miguel Hidalgo, Ciudad de M\u00e9xico.\" \/>\n<link rel=\"canonical\" href=\"https:\/\/vestigaconsultores.com\/en\/contacto\/\" \/>\n<meta property=\"og:locale\" content=\"en_US\" \/>\n<meta property=\"og:type\" content=\"article\" \/>\n<meta property=\"og:title\" content=\"Contacto - Vestiga Consultores\" \/>\n<meta property=\"og:description\" content=\"Vestiga Consultores se ubica en Homero #538, Int. 304, Col. Polanco V Secci\u00f3n, Alcald\u00eda Miguel Hidalgo, Ciudad de M\u00e9xico.\" \/>\n<meta property=\"og:url\" content=\"https:\/\/vestigaconsultores.com\/en\/contacto\/\" \/>\n<meta property=\"og:site_name\" content=\"Vestiga Consultores\" \/>\n<meta property=\"article:modified_time\" content=\"2023-08-11T19:47:08+00:00\" \/>\n<meta name=\"twitter:card\" content=\"summary_large_image\" \/>\n<meta name=\"twitter:label1\" content=\"Est. reading time\">\n\t<meta name=\"twitter:data1\" content=\"1 minute\">\n<script type=\"application\/ld+json\" class=\"yoast-schema-graph\">{\"@context\":\"https:\/\/schema.org\",\"@graph\":[{\"@type\":\"WebSite\",\"@id\":\"https:\/\/vestigaconsultores.com\/#website\",\"url\":\"https:\/\/vestigaconsultores.com\/\",\"name\":\"Vestiga Consultores\",\"description\":\"Consultor&iacute;a de Riesgo\",\"potentialAction\":[{\"@type\":\"SearchAction\",\"target\":\"https:\/\/vestigaconsultores.com\/?s={search_term_string}\",\"query-input\":\"required name=search_term_string\"}],\"inLanguage\":\"en-US\"},{\"@type\":\"WebPage\",\"@id\":\"https:\/\/vestigaconsultores.com\/contacto\/#webpage\",\"url\":\"https:\/\/vestigaconsultores.com\/contacto\/\",\"name\":\"Contacto - Vestiga Consultores\",\"isPartOf\":{\"@id\":\"https:\/\/vestigaconsultores.com\/#website\"},\"datePublished\":\"2017-11-13T13:09:29+00:00\",\"dateModified\":\"2023-08-11T19:47:08+00:00\",\"description\":\"Vestiga Consultores se ubica en Homero #538, Int. 304, Col. Polanco V Secci\\u00f3n, Alcald\\u00eda Miguel Hidalgo, Ciudad de M\\u00e9xico.\",\"breadcrumb\":{\"@id\":\"https:\/\/vestigaconsultores.com\/contacto\/#breadcrumb\"},\"inLanguage\":\"en-US\",\"potentialAction\":[{\"@type\":\"ReadAction\",\"target\":[\"https:\/\/vestigaconsultores.com\/contacto\/\"]}]},{\"@type\":\"BreadcrumbList\",\"@id\":\"https:\/\/vestigaconsultores.com\/contacto\/#breadcrumb\",\"itemListElement\":[{\"@type\":\"ListItem\",\"position\":1,\"item\":{\"@type\":\"WebPage\",\"@id\":\"https:\/\/vestigaconsultores.com\/\",\"url\":\"https:\/\/vestigaconsultores.com\/\",\"name\":\"Portada\"}},{\"@type\":\"ListItem\",\"position\":2,\"item\":{\"@type\":\"WebPage\",\"@id\":\"https:\/\/vestigaconsultores.com\/contacto\/\",\"url\":\"https:\/\/vestigaconsultores.com\/contacto\/\",\"name\":\"Contacto\"}}]}]}<\/script>\n<!-- \/ Yoast SEO plugin. -->","_links":{"self":[{"href":"https:\/\/vestigaconsultores.com\/en\/wp-json\/wp\/v2\/pages\/1053"}],"collection":[{"href":"https:\/\/vestigaconsultores.com\/en\/wp-json\/wp\/v2\/pages"}],"about":[{"href":"https:\/\/vestigaconsultores.com\/en\/wp-json\/wp\/v2\/types\/page"}],"author":[{"embeddable":true,"href":"https:\/\/vestigaconsultores.com\/en\/wp-json\/wp\/v2\/users\/1"}],"replies":[{"embeddable":true,"href":"https:\/\/vestigaconsultores.com\/en\/wp-json\/wp\/v2\/comments?post=1053"}],"version-history":[{"count":14,"href":"https:\/\/vestigaconsultores.com\/en\/wp-json\/wp\/v2\/pages\/1053\/revisions"}],"predecessor-version":[{"id":712716,"href":"https:\/\/vestigaconsultores.com\/en\/wp-json\/wp\/v2\/pages\/1053\/revisions\/712716"}],"wp:attachment":[{"href":"https:\/\/vestigaconsultores.com\/en\/wp-json\/wp\/v2\/media?parent=1053"}],"curies":[{"name":"wp","href":"https:\/\/api.w.org\/{rel}","templated":true}]}}