{"id":198,"date":"2017-04-25T13:34:07","date_gmt":"2017-04-25T13:34:07","guid":{"rendered":"http:\/\/engage.veented.com\/fitness\/?page_id=198"},"modified":"2021-05-02T17:58:07","modified_gmt":"2021-05-02T17:58:07","slug":"soluciones","status":"publish","type":"page","link":"https:\/\/vestigaconsultores.com\/en\/soluciones\/","title":{"rendered":"SOLUTIONS"},"content":{"rendered":"<div data-vc-full-width=\"true\" data-vc-full-width-init=\"false\" class=\"vc_row wpb_row vc_row-fluid vc_custom_1494849953524 vc_row-stretch\"><div class=\"wpb_column vc_column_container vc_col-sm-12\"><div class=\"vc_column-inner\"><div class=\"wpb_wrapper\"><div class=\"vc_row wpb_row vc_inner vc_row-fluid vc_custom_1494851068829 vc_row-o-equal-height vc_row-o-content-middle vc_row-flex\"><div class=\"wpb_column vc_column_container vc_col-sm-7\"><div class=\"vc_column-inner vc_custom_1494849698699\"><div class=\"wpb_wrapper\">\n\t<div  class=\"wpb_single_image wpb_content_element vc_align_left  vc_custom_1619977956126\">\n\t\t\n\t\t<figure class=\"wpb_wrapper vc_figure\">\n\t\t\t<div class=\"vc_single_image-wrapper   vc_box_border_grey\"><img class=\"vc_single_image-img\" src=\"https:\/\/vestigaconsultores.com\/wp-content\/uploads\/2021\/05\/VESTIGA_ideas_640x426.jpg\" width=\"640\" height=\"426\" alt=\"Vestiga Soluciones\" title=\"VESTIGA_ideas_640x426\" \/><\/div>\n\t\t<\/figure>\n\t<\/div>\n<\/div><\/div><\/div><div class=\"wpb_column vc_column_container vc_col-sm-5\"><div class=\"vc_column-inner vc_custom_1494849694618\"><div class=\"wpb_wrapper\">\n\t<div class=\"wpb_text_column wpb_content_element  vc_custom_1619492585527\">\n\t\t<div class=\"wpb_wrapper\">\n\t\t\t<h3>SOLUTIONS<\/h3>\n\n\t\t<\/div>\n\t<\/div>\n\n\t<div class=\"wpb_text_column wpb_content_element\">\n\t\t<div class=\"wpb_wrapper\">\n\t\t\t<p>VESTIGA has three services lines to provide solutions to our clients: <strong>Business Intelligence<\/strong>, <strong>Cybersecurity<\/strong> and <strong>Security Risk Management<\/strong>.<\/p>\n<p>Our solutions were designed to support clients who are facing crises, litigation or disputes and to mitigate risks when they are undergoing a process of expansion and change.<\/p>\n<p>Why? Because experience has taught us that even though an organization has the most innovative ideas, the most rigorous compliance system or substantial investments, those are simply not enough to ensure success.<\/p>\n\n\t\t<\/div>\n\t<\/div>\n<\/div><\/div><\/div><\/div><div class=\"vc_row wpb_row vc_inner vc_row-fluid vc_custom_1512576325545\"><div class=\"wpb_column vc_column_container vc_col-sm-4\"><div class=\"vc_column-inner\"><div class=\"wpb_wrapper\"><div class=\"vntd-icon-box vntd-content-element box-centered-circle icon-size-sm box-centered big-icon-left  icon-box-with-link\"><a href=\"https:\/\/vestigaconsultores.com\/en\/soluciones\/inteligencia-de-negocios\/\" target=\"_blank\"><div class=\"icon-box-icon bg-color-accent\"><i class=\"vc_li vc_li-bulb\"><\/i><\/div><div class=\"icon-box-content\"><h5 class=\"icon-box-title\">Business Intelligence<\/h5><p class=\"icon-description\">We provide our clients with accurate, reliable and timely information for their strategic decision-making.<\/p><span class=\"post-more post-more-icon\">Learn More<\/span><\/div><\/a><\/div><\/div><\/div><\/div><div class=\"wpb_column vc_column_container vc_col-sm-4\"><div class=\"vc_column-inner\"><div class=\"wpb_wrapper\"><div class=\"vntd-icon-box vntd-content-element box-centered-circle icon-size-sm box-centered big-icon-left  icon-box-with-link\"><a href=\"https:\/\/vestigaconsultores.com\/en\/soluciones\/ciberseguridad\/%20\/\" target=\"_blank\"><div class=\"icon-box-icon bg-color-accent\"><i class=\"vc_li vc_li-world\"><\/i><\/div><div class=\"icon-box-content\"><h5 class=\"icon-box-title\">Cybersecurity<\/h5><p class=\"icon-description\">Our digital services allow you to respond to and\/or anticipate crises by effectively protecting your information.<\/p><span class=\"post-more post-more-icon\">Learn More<\/span><\/div><\/a><\/div><\/div><\/div><\/div><div class=\"wpb_column vc_column_container vc_col-sm-4\"><div class=\"vc_column-inner\"><div class=\"wpb_wrapper\"><div class=\"vntd-icon-box vntd-content-element box-centered-circle icon-size-sm box-centered big-icon-left  icon-box-with-link\"><a href=\"https:\/\/vestigaconsultores.com\/en\/soluciones\/seguridad-patrimonial\/%20\/\" target=\"_blank\"><div class=\"icon-box-icon bg-color-accent\"><i class=\"vc_li vc_li-lock\"><\/i><\/div><div class=\"icon-box-content\"><h5 class=\"icon-box-title\">Security Risk Management<\/h5><p class=\"icon-description\">We design processes, policies and audits to protect our clients' strategic assets.<\/p><span class=\"post-more post-more-icon\">Learn More<\/span><\/div><\/a><\/div><\/div><\/div><\/div><\/div><\/div><\/div><\/div><\/div><div class=\"vc_row-full-width vc_clearfix\"><\/div><div data-vc-full-width=\"true\" data-vc-full-width-init=\"false\" data-vc-stretch-content=\"true\" class=\"vc_row wpb_row vc_row-fluid vc_custom_1510573957776 color-scheme-white bg-color-accent vc_row-has-fill vc_row-stretch vc_row-no-padding bg-overlay bg-overlay-accent\"><div class=\"wpb_column vc_column_container vc_col-sm-12\"><div class=\"vc_column-inner\"><div class=\"wpb_wrapper\"><div class=\"vntd-cta cta-text-color-dark bg-color-none cta-align-center\"><div class=\"container\"><div class=\"row\"><div class=\"cta-texts\"><h2 class=\"cta-heading\"><span>Get to know us<\/span><\/h2><p class=\"cta-subtitle\">Find out how VESTIGA can help your organization.<\/p><\/div><div class=\"cta-buttons\"><a href=\"https:\/\/vestigaconsultores.com\/en\/contacto\/\" title=\"CONTACT\" class=\"btn cta-btn1 btn-solid btn-white btn-hover-dark\">CONTACT US<\/a><\/div><\/div><\/div><\/div><\/div><\/div><\/div><\/div><div class=\"vc_row-full-width vc_clearfix\"><\/div>","protected":false},"excerpt":{"rendered":"Soluciones En VESTIGA contamos con tres l\u00edneas de servicios dise\u00f1adas para aportar soluciones a nuestros clientes: Inteligencia de Negocios, Ciberseguridad y Seguridad Patrimonial. Nuestras soluciones fueron dise\u00f1adas para apoyar a los clientes para afrontar crisis, litigios o disputas, y para mitigar riesgos durante sus procesos de expansi\u00f3n y cambio. \u00bfPor [...]","protected":false},"author":1,"featured_media":0,"parent":0,"menu_order":0,"comment_status":"closed","ping_status":"closed","template":"","meta":{"_mi_skip_tracking":false},"yoast_head":"<!-- This site is optimized with the Yoast SEO plugin v16.1.1 - https:\/\/yoast.com\/wordpress\/plugins\/seo\/ -->\n<title>Soluciones - Vestiga Consultores<\/title>\n<meta name=\"description\" content=\"Inteligencia de Negocios, Ciberseguridad y Seguridad Patrimonial son las 3 l\u00edneas de servicios que VESTIGA dise\u00f1\u00f3 para aportar soluciones.\" \/>\n<link rel=\"canonical\" href=\"https:\/\/vestigaconsultores.com\/en\/soluciones\/\" \/>\n<meta property=\"og:locale\" content=\"en_US\" \/>\n<meta property=\"og:type\" content=\"article\" \/>\n<meta property=\"og:title\" content=\"Soluciones - Vestiga Consultores\" \/>\n<meta property=\"og:description\" content=\"Inteligencia de Negocios, Ciberseguridad y Seguridad Patrimonial son las 3 l\u00edneas de servicios que VESTIGA dise\u00f1\u00f3 para aportar soluciones.\" \/>\n<meta property=\"og:url\" content=\"https:\/\/vestigaconsultores.com\/en\/soluciones\/\" \/>\n<meta property=\"og:site_name\" content=\"Vestiga Consultores\" \/>\n<meta property=\"article:modified_time\" content=\"2021-05-02T17:58:07+00:00\" \/>\n<meta name=\"twitter:card\" content=\"summary_large_image\" \/>\n<meta name=\"twitter:label1\" content=\"Est. reading time\">\n\t<meta name=\"twitter:data1\" content=\"1 minute\">\n<script type=\"application\/ld+json\" class=\"yoast-schema-graph\">{\"@context\":\"https:\/\/schema.org\",\"@graph\":[{\"@type\":\"WebSite\",\"@id\":\"https:\/\/vestigaconsultores.com\/#website\",\"url\":\"https:\/\/vestigaconsultores.com\/\",\"name\":\"Vestiga Consultores\",\"description\":\"Consultor&iacute;a de Riesgo\",\"potentialAction\":[{\"@type\":\"SearchAction\",\"target\":\"https:\/\/vestigaconsultores.com\/?s={search_term_string}\",\"query-input\":\"required name=search_term_string\"}],\"inLanguage\":\"en-US\"},{\"@type\":\"WebPage\",\"@id\":\"https:\/\/vestigaconsultores.com\/soluciones\/#webpage\",\"url\":\"https:\/\/vestigaconsultores.com\/soluciones\/\",\"name\":\"Soluciones - Vestiga Consultores\",\"isPartOf\":{\"@id\":\"https:\/\/vestigaconsultores.com\/#website\"},\"datePublished\":\"2017-04-25T13:34:07+00:00\",\"dateModified\":\"2021-05-02T17:58:07+00:00\",\"description\":\"Inteligencia de Negocios, Ciberseguridad y Seguridad Patrimonial son las 3 l\\u00edneas de servicios que VESTIGA dise\\u00f1\\u00f3 para aportar soluciones.\",\"breadcrumb\":{\"@id\":\"https:\/\/vestigaconsultores.com\/soluciones\/#breadcrumb\"},\"inLanguage\":\"en-US\",\"potentialAction\":[{\"@type\":\"ReadAction\",\"target\":[\"https:\/\/vestigaconsultores.com\/soluciones\/\"]}]},{\"@type\":\"BreadcrumbList\",\"@id\":\"https:\/\/vestigaconsultores.com\/soluciones\/#breadcrumb\",\"itemListElement\":[{\"@type\":\"ListItem\",\"position\":1,\"item\":{\"@type\":\"WebPage\",\"@id\":\"https:\/\/vestigaconsultores.com\/\",\"url\":\"https:\/\/vestigaconsultores.com\/\",\"name\":\"Portada\"}},{\"@type\":\"ListItem\",\"position\":2,\"item\":{\"@type\":\"WebPage\",\"@id\":\"https:\/\/vestigaconsultores.com\/soluciones\/\",\"url\":\"https:\/\/vestigaconsultores.com\/soluciones\/\",\"name\":\"Soluciones\"}}]}]}<\/script>\n<!-- \/ Yoast SEO plugin. -->","_links":{"self":[{"href":"https:\/\/vestigaconsultores.com\/en\/wp-json\/wp\/v2\/pages\/198"}],"collection":[{"href":"https:\/\/vestigaconsultores.com\/en\/wp-json\/wp\/v2\/pages"}],"about":[{"href":"https:\/\/vestigaconsultores.com\/en\/wp-json\/wp\/v2\/types\/page"}],"author":[{"embeddable":true,"href":"https:\/\/vestigaconsultores.com\/en\/wp-json\/wp\/v2\/users\/1"}],"replies":[{"embeddable":true,"href":"https:\/\/vestigaconsultores.com\/en\/wp-json\/wp\/v2\/comments?post=198"}],"version-history":[{"count":7,"href":"https:\/\/vestigaconsultores.com\/en\/wp-json\/wp\/v2\/pages\/198\/revisions"}],"predecessor-version":[{"id":711264,"href":"https:\/\/vestigaconsultores.com\/en\/wp-json\/wp\/v2\/pages\/198\/revisions\/711264"}],"wp:attachment":[{"href":"https:\/\/vestigaconsultores.com\/en\/wp-json\/wp\/v2\/media?parent=198"}],"curies":[{"name":"wp","href":"https:\/\/api.w.org\/{rel}","templated":true}]}}