{"id":711029,"date":"2017-11-13T13:48:52","date_gmt":"2017-11-13T13:48:52","guid":{"rendered":"http:\/\/www.engage.veented.com\/business\/?page_id=711029"},"modified":"2021-12-10T17:50:55","modified_gmt":"2021-12-10T17:50:55","slug":"nosotros","status":"publish","type":"page","link":"https:\/\/vestigaconsultores.com\/en\/nosotros\/","title":{"rendered":"ABOUT US"},"content":{"rendered":"<div data-vc-full-width=\"true\" data-vc-full-width-init=\"false\" class=\"vc_row wpb_row vc_row-fluid vc_custom_1494851871081 vc_row-stretch vc_row-o-equal-height vc_row-o-content-middle vc_row-flex\"><div class=\"wpb_column vc_column_container vc_col-sm-7 col-has-padding col-padding-2 col-padding-right\"><div class=\"vc_column-inner\"><div class=\"wpb_wrapper\">\n\t<div class=\"wpb_text_column wpb_content_element  vc_custom_1619469970112\">\n\t\t<div class=\"wpb_wrapper\">\n\t\t\t<h3>Who are we?<\/h3>\n\n\t\t<\/div>\n\t<\/div>\n\n\t<div class=\"wpb_text_column wpb_content_element  font-size-medium\">\n\t\t<div class=\"wpb_wrapper\">\n\t\t\t<p>At VESTIGA, we know that problems have multifactorial causes that require multidimensional solutions. That's why we gathered a team with diverse academic backgrounds and extensive experience at some of the world's top risk consulting firms, including <strong>Kroll, FTI Consulting, KPMG, Deloitte and Ernst &amp; Young (EY)<\/strong>.<\/p>\n<p>Hemos colaborado con organizaciones nacionales e internacionales en proyectos desarrollados en M\u00e9xico, Estados Unidos, Espa\u00f1a y varios pa\u00edses de Am\u00e9rica Latina (Guatemala, Panam\u00e1, Honduras, Colombia, El Salvador, Per\u00fa y Brasil).<\/p>\n<p>Over a number of years we have worked, individually and in teams, with global organizations for large transnational clients. We have learned to listen and to understand our clients, and to stand beside them and their interests.<\/p>\n<p>We know the importance of discretion when handling your organization's information as well as the seriousness of observing and respecting the laws in the countries where we operate.<\/p>\n<p>VESTIGA was founded in March 2017, and since then, we have been honored to serve our clients across a broad variety of industries.<\/p>\n\n\t\t<\/div>\n\t<\/div>\n<\/div><\/div><\/div><div class=\"wpb_column vc_column_container vc_col-sm-5 col-has-padding col-padding-1 col-padding-left\"><div class=\"vc_column-inner\"><div class=\"wpb_wrapper\">\n\t<div class=\"wpb_video_widget wpb_content_element vc_clearfix   vc_video-aspect-ratio-169 vc_video-el-width-100 vc_video-align-left\" >\n\t\t<div class=\"wpb_wrapper\">\n\t\t\t\n\t\t\t<div class=\"wpb_video_wrapper\"><iframe title=\"Vestiga Investigaciones\" width=\"500\" height=\"281\" src=\"https:\/\/www.youtube.com\/embed\/JaXFT0EcaOM?feature=oembed\" frameborder=\"0\" allow=\"accelerometer; autoplay; clipboard-write; encrypted-media; gyroscope; picture-in-picture\" allowfullscreen><\/iframe><\/div>\n\t\t<\/div>\n\t<\/div>\n<\/div><\/div><\/div><\/div><div class=\"vc_row-full-width vc_clearfix\"><\/div><div data-vc-full-width=\"true\" data-vc-full-width-init=\"false\" data-vc-parallax=\"1.5\" class=\"vc_row wpb_row vc_row-fluid vc_custom_1512574914185 bg-color-1 vc_row-has-fill vc_row-stretch vc_general vc_parallax vc_parallax-content-moving\"><div class=\"wpb_column vc_column_container vc_col-sm-12\"><div class=\"vc_column-inner\"><div class=\"wpb_wrapper\"><div class=\"vc_row wpb_row vc_inner vc_row-fluid\"><div class=\"wpb_column vc_column_container vc_col-sm-4\"><div class=\"vc_column-inner\"><div class=\"wpb_wrapper\">\n\t<div class=\"wpb_text_column wpb_content_element  vc_custom_1619470559162\">\n\t\t<div class=\"wpb_wrapper\">\n\t\t\t<h5>Our Mission<\/h5>\n\n\t\t<\/div>\n\t<\/div>\n\n\t<div class=\"wpb_text_column wpb_content_element\">\n\t\t<div class=\"wpb_wrapper\">\n\t\t\t<p>As a risk consulting firm, VESTIGA's mission is that our services provide our clients with accurate and timely information to help them make decisions when facing a crisis, litigation or dispute, or when they are in the process of expansion or change.<\/p>\n\n\t\t<\/div>\n\t<\/div>\n<\/div><\/div><\/div><div class=\"wpb_column vc_column_container vc_col-sm-4\"><div class=\"vc_column-inner\"><div class=\"wpb_wrapper\">\n\t<div class=\"wpb_text_column wpb_content_element  vc_custom_1619470337045\">\n\t\t<div class=\"wpb_wrapper\">\n\t\t\t<h5>Our differentiator<\/h5>\n\n\t\t<\/div>\n\t<\/div>\n\n\t<div class=\"wpb_text_column wpb_content_element\">\n\t\t<div class=\"wpb_wrapper\">\n\t\t\t<p>At VESTIGA, we are passionate about data and information. Our competitive edge is our drive to find, interpret and analyze information to help organizations understand challenges, identify risks, solve problems and receive assistance for litigations and disputes.<\/p>\n\n\t\t<\/div>\n\t<\/div>\n<\/div><\/div><\/div><div class=\"wpb_column vc_column_container vc_col-sm-4\"><div class=\"vc_column-inner\"><div class=\"wpb_wrapper\">\n\t<div class=\"wpb_text_column wpb_content_element  vc_custom_1619470360135\">\n\t\t<div class=\"wpb_wrapper\">\n\t\t\t<h5>Why VESTIGA?<\/h5>\n\n\t\t<\/div>\n\t<\/div>\n\n\t<div class=\"wpb_text_column wpb_content_element\">\n\t\t<div class=\"wpb_wrapper\">\n\t\t\t<p>Our team has collaborated with dozens of Mexico-based and international companies from more than 18 industry and service sectors, including banking, insurance and finance, mining, telecommunications, manufacturing and automotive, as well as legal and audit firms.<\/p>\n\n\t\t<\/div>\n\t<\/div>\n<\/div><\/div><\/div><\/div><div class=\"vc_row wpb_row vc_inner vc_row-fluid\"><div class=\"wpb_column vc_column_container vc_col-sm-12\"><div class=\"vc_column-inner\"><div class=\"wpb_wrapper\"><\/div><\/div><\/div><\/div><\/div><\/div><\/div><\/div><div class=\"vc_row-full-width vc_clearfix\"><\/div><div data-vc-full-width=\"true\" data-vc-full-width-init=\"false\" data-vc-stretch-content=\"true\" class=\"vc_row wpb_row vc_row-fluid vc_custom_1620350307825 vc_row-has-fill vc_row-stretch vc_row-no-padding\"><div class=\"wpb_column vc_column_container vc_col-sm-12\"><div class=\"vc_column-inner\"><div class=\"wpb_wrapper\"><\/div><\/div><\/div><\/div><div class=\"vc_row-full-width vc_clearfix\"><\/div><div data-vc-full-width=\"true\" data-vc-full-width-init=\"false\" class=\"vc_row wpb_row vc_row-fluid vc_custom_1510581110816 vc_row-stretch\"><div class=\"wpb_column vc_column_container vc_col-sm-12\"><div class=\"vc_column-inner\"><div class=\"wpb_wrapper\"><div class=\"special-heading vntd-heading heading-no-border heading-align-center\"style=\"margin-bottom:60px;\"><h3 class=\"special-heading-title\">Our consultants<\/h3><p class=\"special-heading-subtitle\">More than 25 years of experience in risk consulting.<\/p><\/div><div class=\"vc_row wpb_row vc_inner vc_row-fluid vc_custom_1493381079225\"><div class=\"wpb_column vc_column_container vc_col-sm-4\"><div class=\"vc_column-inner\"><div class=\"wpb_wrapper\">\n\t<div class=\"wpb_text_column wpb_content_element\">\n\t\t<div class=\"wpb_wrapper\">\n\t\t\t<h4><a href=\"https:\/\/vestigaconsultores.com\/en\/nosotros\/sergio-diaz\/\" target=\"_blank\" rel=\"noopener\">Sergio D\u00edaz<\/a><\/h4>\n<p>Sergio D\u00edaz has more than 25 years of experience as a consultant in business and market intelligence, corporate investigations, security, and economic, political and social analysis...<\/p>\n\n\t\t<\/div>\n\t<\/div>\n<\/div><\/div><\/div><div class=\"wpb_column vc_column_container vc_col-sm-4\"><div class=\"vc_column-inner\"><div class=\"wpb_wrapper\">\n\t<div class=\"wpb_text_column wpb_content_element\">\n\t\t<div class=\"wpb_wrapper\">\n\t\t\t<h4><a href=\"https:\/\/vestigaconsultores.com\/en\/nosotros\/carlos-estrada\/\" target=\"_blank\" rel=\"noopener\">Carlos Estrada<\/a><\/h4>\n<p>Carlos Estrada is a consultant in data analysis, computer forensics and cybersecurity, with experience in Mexico and U.S. security and intelligence firms...<\/p>\n\n\t\t<\/div>\n\t<\/div>\n<\/div><\/div><\/div><div class=\"wpb_column vc_column_container vc_col-sm-4\"><div class=\"vc_column-inner\"><div class=\"wpb_wrapper\">\n\t<div class=\"wpb_text_column wpb_content_element\">\n\t\t<div class=\"wpb_wrapper\">\n\t\t\t<h4><a href=\"https:\/\/vestigaconsultores.com\/en\/nosotros\/guillermo-suarez\/\" target=\"_blank\" rel=\"noopener\">Guillermo Su\u00e1rez<\/a><\/h4>\n<p>Guillermo Su\u00e1rez has experience in investigative work and protection of assets. He helps organizations obtain information for strategic decision-making...<\/p>\n\n\t\t<\/div>\n\t<\/div>\n<\/div><\/div><\/div><\/div><div class=\"vc_row wpb_row vc_inner vc_row-fluid vc_custom_1493381079225\"><div class=\"wpb_column vc_column_container vc_col-sm-4\"><div class=\"vc_column-inner\"><div class=\"wpb_wrapper\">\n\t<div class=\"wpb_text_column wpb_content_element\">\n\t\t<div class=\"wpb_wrapper\">\n\t\t\t<h4><a href=\"https:\/\/vestigaconsultores.com\/en\/nosotros\/eduardo-ortega\/\" target=\"_blank\" rel=\"noopener\">Eduardo Ortega<\/a><\/h4>\n<p>Eduardo Ortega has experience identifying and developing business opportunities for a wide variety of services at global consulting firms...<\/p>\n\n\t\t<\/div>\n\t<\/div>\n<\/div><\/div><\/div><div class=\"wpb_column vc_column_container vc_col-sm-4\"><div class=\"vc_column-inner\"><div class=\"wpb_wrapper\">\n\t<div class=\"wpb_text_column wpb_content_element\">\n\t\t<div class=\"wpb_wrapper\">\n\t\t\t<h4><a href=\"https:\/\/vestigaconsultores.com\/en\/nosotros\/juan-jose-ahumada\/\" target=\"_blank\" rel=\"noopener\">Juan Jos\u00e9 Ahumada<\/a><\/h4>\n<p>Juan Jos\u00e9 Ahumada has extensive experience in corporate security. He helps organizations to detect and prevent risks that endanger their personnel and assets...<\/p>\n\n\t\t<\/div>\n\t<\/div>\n<\/div><\/div><\/div><div class=\"wpb_column vc_column_container vc_col-sm-4\"><div class=\"vc_column-inner\"><div class=\"wpb_wrapper\">\n\t<div class=\"wpb_text_column wpb_content_element\">\n\t\t<div class=\"wpb_wrapper\">\n\t\t\t<h4><a href=\"https:\/\/vestigaconsultores.com\/en\/nosotros\/liliana-sanchez\/\" target=\"_blank\" rel=\"noopener\">Liliana S\u00e1nchez<\/a><\/h4>\n<p>Liliana S\u00e1nchez specializes in directing and executing financial audits, internal controls, and fraud investigations and prevention. She provides support to companies in litigation and disputes...<\/p>\n\n\t\t<\/div>\n\t<\/div>\n<\/div><\/div><\/div><\/div><div class=\"vc_row wpb_row vc_inner vc_row-fluid vc_custom_1493381079225\"><div class=\"wpb_column vc_column_container vc_col-sm-4\"><div class=\"vc_column-inner\"><div class=\"wpb_wrapper\">\n\t<div class=\"wpb_text_column wpb_content_element\">\n\t\t<div class=\"wpb_wrapper\">\n\t\t\t<h4 style=\"text-align: left;\"><a href=\"https:\/\/vestigaconsultores.com\/en\/nosotros\/gustavo-gonzalez-baez\/\" target=\"_blank\" rel=\"noopener\">Gustavo Gonz\u00e1lez B\u00e1ez<\/a><\/h4>\n<p>Gustavo Gonz\u00e1lez B\u00e1ez is an attorney with more than 30 years of service in the Mexican government. He has participated in criminal investigations and prosecutions in coordination with various agencies....<\/p>\n\n\t\t<\/div>\n\t<\/div>\n<\/div><\/div><\/div><div class=\"wpb_column vc_column_container vc_col-sm-4\"><div class=\"vc_column-inner\"><div class=\"wpb_wrapper\">\n\t<div class=\"wpb_text_column wpb_content_element\">\n\t\t<div class=\"wpb_wrapper\">\n\t\t\t<h4><a href=\"https:\/\/vestigaconsultores.com\/en\/nosotros\/noe-elizondo-buenfil\/\" target=\"_blank\" rel=\"noopener\">No\u00e9 Elizondo Buenfil<\/a><\/h4>\n<p>No\u00e9 Elizondo Buenfil was a career diplomat during more than 25 years. He served at the Mexican Embassies in Canada, Switzerland and Korea, as well as at the Consulate...<\/p>\n\n\t\t<\/div>\n\t<\/div>\n<\/div><\/div><\/div><div class=\"wpb_column vc_column_container vc_col-sm-4\"><div class=\"vc_column-inner\"><div class=\"wpb_wrapper\">\n\t<div class=\"wpb_text_column wpb_content_element\">\n\t\t<div class=\"wpb_wrapper\">\n\t\t\t<h4><a href=\"https:\/\/vestigaconsultores.com\/en\/nosotros\/david-cardenas-pantoja\/\" target=\"_blank\" rel=\"noopener\">David C\u00e1rdenas Pantoja<\/a><\/h4>\n<p>David C\u00e1rdenas Pantoja has a long career trajectory in the field of information systems in the oil, manufacturing, finance and consulting sectors...<\/p>\n\n\t\t<\/div>\n\t<\/div>\n<\/div><\/div><\/div><\/div><\/div><\/div><\/div><\/div><div class=\"vc_row-full-width vc_clearfix\"><\/div><div data-vc-full-width=\"true\" data-vc-full-width-init=\"false\" data-vc-stretch-content=\"true\" class=\"vc_row wpb_row vc_row-fluid vc_custom_1510581143510 bg-color-accent vc_row-has-fill vc_row-stretch vc_row-no-padding bg-overlay bg-overlay-accent\"><div class=\"wpb_column vc_column_container vc_col-sm-12\"><div class=\"vc_column-inner\"><div class=\"wpb_wrapper\"><div class=\"vntd-cta cta-text-color-white bg-color-none cta-align-center\"><div class=\"container\"><div class=\"row\"><div class=\"cta-texts\"><h2 class=\"cta-heading\"><span>Get to know us<\/span><\/h2><p class=\"cta-subtitle\">Find out how VESTIGA can help your organization.<\/p><\/div><div class=\"cta-buttons\"><a href=\"https:\/\/vestigaconsultores.com\/en\/contacto\/\" target=\"_blank\" title=\"CONTACT\" class=\"btn cta-btn1 btn-solid btn-white btn-hover-dark\">CONTACT US<\/a><\/div><\/div><\/div><\/div><\/div><\/div><\/div><\/div><div class=\"vc_row-full-width vc_clearfix\"><\/div>","protected":false},"excerpt":{"rendered":"\u00bfQui\u00e9nes somos? En VESTIGA sabemos que los problemas tienen un origen multifactorial y requieren soluciones multidimensionales. Por ello, integramos un equipo proveniente de diversas disciplinas acad\u00e9micas con experiencia en las principales firmas globales de consultor\u00eda de riesgos tales como Kroll, FTI Consulting, KPMG, Deloitte y Ernst &amp; Young. Hemos colaborado [...]","protected":false},"author":1,"featured_media":0,"parent":0,"menu_order":0,"comment_status":"closed","ping_status":"closed","template":"","meta":{"_mi_skip_tracking":false},"yoast_head":"<!-- This site is optimized with the Yoast SEO plugin v16.1.1 - https:\/\/yoast.com\/wordpress\/plugins\/seo\/ -->\n<title>Nosotros - Vestiga Consultores - Consultor\u00eda de Riesgos<\/title>\n<meta name=\"description\" content=\"VESTIGA est\u00e1 conformada por un equipo multidisciplinario con experiencia en las principales firmas globales de consultor\u00eda de riesgos.\" \/>\n<link rel=\"canonical\" href=\"https:\/\/vestigaconsultores.com\/en\/nosotros\/\" \/>\n<meta property=\"og:locale\" content=\"en_US\" \/>\n<meta property=\"og:type\" content=\"article\" \/>\n<meta property=\"og:title\" content=\"Nosotros - Vestiga Consultores - Consultor\u00eda de Riesgos\" \/>\n<meta property=\"og:description\" content=\"VESTIGA est\u00e1 conformada por un equipo multidisciplinario con experiencia en las principales firmas globales de consultor\u00eda de riesgos.\" \/>\n<meta property=\"og:url\" content=\"https:\/\/vestigaconsultores.com\/en\/nosotros\/\" \/>\n<meta property=\"og:site_name\" content=\"Vestiga Consultores\" \/>\n<meta property=\"article:modified_time\" content=\"2021-12-10T17:50:55+00:00\" \/>\n<meta name=\"twitter:card\" content=\"summary_large_image\" \/>\n<meta name=\"twitter:label1\" content=\"Est. reading time\">\n\t<meta name=\"twitter:data1\" content=\"3 minutes\">\n<script type=\"application\/ld+json\" class=\"yoast-schema-graph\">{\"@context\":\"https:\/\/schema.org\",\"@graph\":[{\"@type\":\"WebSite\",\"@id\":\"https:\/\/vestigaconsultores.com\/#website\",\"url\":\"https:\/\/vestigaconsultores.com\/\",\"name\":\"Vestiga Consultores\",\"description\":\"Consultor&iacute;a de Riesgo\",\"potentialAction\":[{\"@type\":\"SearchAction\",\"target\":\"https:\/\/vestigaconsultores.com\/?s={search_term_string}\",\"query-input\":\"required name=search_term_string\"}],\"inLanguage\":\"en-US\"},{\"@type\":\"WebPage\",\"@id\":\"https:\/\/vestigaconsultores.com\/nosotros\/#webpage\",\"url\":\"https:\/\/vestigaconsultores.com\/nosotros\/\",\"name\":\"Nosotros - Vestiga Consultores - Consultor\\u00eda de Riesgos\",\"isPartOf\":{\"@id\":\"https:\/\/vestigaconsultores.com\/#website\"},\"datePublished\":\"2017-11-13T13:48:52+00:00\",\"dateModified\":\"2021-12-10T17:50:55+00:00\",\"description\":\"VESTIGA est\\u00e1 conformada por un equipo multidisciplinario con experiencia en las principales firmas globales de consultor\\u00eda de riesgos.\",\"breadcrumb\":{\"@id\":\"https:\/\/vestigaconsultores.com\/nosotros\/#breadcrumb\"},\"inLanguage\":\"en-US\",\"potentialAction\":[{\"@type\":\"ReadAction\",\"target\":[\"https:\/\/vestigaconsultores.com\/nosotros\/\"]}]},{\"@type\":\"BreadcrumbList\",\"@id\":\"https:\/\/vestigaconsultores.com\/nosotros\/#breadcrumb\",\"itemListElement\":[{\"@type\":\"ListItem\",\"position\":1,\"item\":{\"@type\":\"WebPage\",\"@id\":\"https:\/\/vestigaconsultores.com\/\",\"url\":\"https:\/\/vestigaconsultores.com\/\",\"name\":\"Portada\"}},{\"@type\":\"ListItem\",\"position\":2,\"item\":{\"@type\":\"WebPage\",\"@id\":\"https:\/\/vestigaconsultores.com\/nosotros\/\",\"url\":\"https:\/\/vestigaconsultores.com\/nosotros\/\",\"name\":\"Nosotros\"}}]}]}<\/script>\n<!-- \/ Yoast SEO plugin. -->","_links":{"self":[{"href":"https:\/\/vestigaconsultores.com\/en\/wp-json\/wp\/v2\/pages\/711029"}],"collection":[{"href":"https:\/\/vestigaconsultores.com\/en\/wp-json\/wp\/v2\/pages"}],"about":[{"href":"https:\/\/vestigaconsultores.com\/en\/wp-json\/wp\/v2\/types\/page"}],"author":[{"embeddable":true,"href":"https:\/\/vestigaconsultores.com\/en\/wp-json\/wp\/v2\/users\/1"}],"replies":[{"embeddable":true,"href":"https:\/\/vestigaconsultores.com\/en\/wp-json\/wp\/v2\/comments?post=711029"}],"version-history":[{"count":18,"href":"https:\/\/vestigaconsultores.com\/en\/wp-json\/wp\/v2\/pages\/711029\/revisions"}],"predecessor-version":[{"id":712105,"href":"https:\/\/vestigaconsultores.com\/en\/wp-json\/wp\/v2\/pages\/711029\/revisions\/712105"}],"wp:attachment":[{"href":"https:\/\/vestigaconsultores.com\/en\/wp-json\/wp\/v2\/media?parent=711029"}],"curies":[{"name":"wp","href":"https:\/\/api.w.org\/{rel}","templated":true}]}}