{"id":711146,"date":"2021-04-27T16:36:07","date_gmt":"2021-04-27T16:36:07","guid":{"rendered":"https:\/\/vestigaconsultores.com\/?page_id=711146"},"modified":"2021-05-27T21:20:52","modified_gmt":"2021-05-27T21:20:52","slug":"sergio-diaz","status":"publish","type":"page","link":"https:\/\/vestigaconsultores.com\/en\/nosotros\/sergio-diaz\/","title":{"rendered":"Sergio D\u00edaz"},"content":{"rendered":"<h2>SERGIO D\u00cdAZ  \u2013 MANAGING PARTNER<\/h2>\r\n<p>Sergio D\u00edaz has more than 25 years of experience as a consultant in business and market intelligence, corporate investigations, security, economic, political and social analysis, public opinion and risk management.<\/p>\r\n<p>Sergio headed two of the most important global risk management consulting firms in Mexico, <strong>KROLL<\/strong> and <strong>FTI CONSULTING<\/strong>, and has collaborated with other public opinion and market intelligence firms. He was also an economic analyst at the Ministry of Finance and an advisor to the Chamber of Deputies.<\/p>\r\n<p>Sergio has been a speaker at a number of business and academic events and has been interviewed by various media outlets in Mexico on topics that impact Mexican companies.<\/p>\r\n<p>As an adjunct professor, he taught courses on monetary theory and U.S.-Mexico Relations at the Universidad Nacional Aut\u00f3nomo de M\u00e9xico  (UNAM) and on Incoterms (international commerce terms)  at the Universidad Intercontinental. He is currently a professor of International Security and National Security at the Universidad An\u00e1huac in Mexico City.<span class=\"ILfuVd NA6bn\"><span class=\"hgKElc\">International Commercial Terms<\/span><\/span>) en la Universidad Intercontinental. Actualmente es profesor de Seguridad Internacional y Seguridad Nacional en la Universidad An\u00e1huac de la Ciudad de M\u00e9xico.<\/p>\r\n<p>Sergio holds a degree in international relations from UNAM, a diploma in business administration and development from the Instituto Tecnol\u00f3gico Aut\u00f3nomo de M\u00e9xico (ITAM) and a master's degree in management from Southern Oregon University (SOU).<\/p>\r\n\r\n<p>&nbsp;<\/p>","protected":false},"excerpt":{"rendered":"<p>SERGIO D\u00cdAZ &#8211; SOCIO DIRECTOR Sergio D\u00edaz cuenta con m\u00e1s de 25 a\u00f1os de experiencia como consultor en inteligencia de negocios y mercados, investigaci\u00f3n corporativa, seguridad, an\u00e1lisis econ\u00f3mico, pol\u00edtico y social, opini\u00f3n p\u00fablica y manejo de riesgos. Sergio encabez\u00f3 en M\u00e9xico a dos de las m\u00e1s importantes firmas globales de [&hellip;]<\/p>","protected":false},"author":1,"featured_media":0,"parent":711029,"menu_order":0,"comment_status":"closed","ping_status":"closed","template":"","meta":{"_mi_skip_tracking":false},"yoast_head":"<!-- This site is optimized with the Yoast SEO plugin v16.1.1 - https:\/\/yoast.com\/wordpress\/plugins\/seo\/ -->\n<title>Sergio D\u00edaz - Vestiga Consultores<\/title>\n<meta name=\"description\" content=\"Sergio D\u00edaz se ha desempe\u00f1ado como director de diversas firmas globales de consultor\u00eda de riesgo, y como analista econ\u00f3mico en Hacienda.\" \/>\n<link rel=\"canonical\" href=\"https:\/\/vestigaconsultores.com\/en\/nosotros\/sergio-diaz\/\" \/>\n<meta property=\"og:locale\" content=\"en_US\" \/>\n<meta property=\"og:type\" content=\"article\" \/>\n<meta property=\"og:title\" content=\"Sergio D\u00edaz - Vestiga Consultores\" \/>\n<meta property=\"og:description\" content=\"Sergio D\u00edaz se ha desempe\u00f1ado como director de diversas firmas globales de consultor\u00eda de riesgo, y como analista econ\u00f3mico en Hacienda.\" \/>\n<meta property=\"og:url\" content=\"https:\/\/vestigaconsultores.com\/en\/nosotros\/sergio-diaz\/\" \/>\n<meta property=\"og:site_name\" content=\"Vestiga Consultores\" \/>\n<meta property=\"article:modified_time\" content=\"2021-05-27T21:20:52+00:00\" \/>\n<meta name=\"twitter:card\" content=\"summary_large_image\" \/>\n<meta name=\"twitter:label1\" content=\"Est. reading time\">\n\t<meta name=\"twitter:data1\" content=\"1 minute\">\n<script type=\"application\/ld+json\" class=\"yoast-schema-graph\">{\"@context\":\"https:\/\/schema.org\",\"@graph\":[{\"@type\":\"WebSite\",\"@id\":\"https:\/\/vestigaconsultores.com\/#website\",\"url\":\"https:\/\/vestigaconsultores.com\/\",\"name\":\"Vestiga Consultores\",\"description\":\"Consultor&iacute;a de Riesgo\",\"potentialAction\":[{\"@type\":\"SearchAction\",\"target\":\"https:\/\/vestigaconsultores.com\/?s={search_term_string}\",\"query-input\":\"required name=search_term_string\"}],\"inLanguage\":\"en-US\"},{\"@type\":\"WebPage\",\"@id\":\"https:\/\/vestigaconsultores.com\/nosotros\/sergio-diaz\/#webpage\",\"url\":\"https:\/\/vestigaconsultores.com\/nosotros\/sergio-diaz\/\",\"name\":\"Sergio D\\u00edaz - Vestiga Consultores\",\"isPartOf\":{\"@id\":\"https:\/\/vestigaconsultores.com\/#website\"},\"datePublished\":\"2021-04-27T16:36:07+00:00\",\"dateModified\":\"2021-05-27T21:20:52+00:00\",\"description\":\"Sergio D\\u00edaz se ha desempe\\u00f1ado como director de diversas firmas globales de consultor\\u00eda de riesgo, y como analista econ\\u00f3mico en Hacienda.\",\"breadcrumb\":{\"@id\":\"https:\/\/vestigaconsultores.com\/nosotros\/sergio-diaz\/#breadcrumb\"},\"inLanguage\":\"en-US\",\"potentialAction\":[{\"@type\":\"ReadAction\",\"target\":[\"https:\/\/vestigaconsultores.com\/nosotros\/sergio-diaz\/\"]}]},{\"@type\":\"BreadcrumbList\",\"@id\":\"https:\/\/vestigaconsultores.com\/nosotros\/sergio-diaz\/#breadcrumb\",\"itemListElement\":[{\"@type\":\"ListItem\",\"position\":1,\"item\":{\"@type\":\"WebPage\",\"@id\":\"https:\/\/vestigaconsultores.com\/\",\"url\":\"https:\/\/vestigaconsultores.com\/\",\"name\":\"Portada\"}},{\"@type\":\"ListItem\",\"position\":2,\"item\":{\"@type\":\"WebPage\",\"@id\":\"https:\/\/vestigaconsultores.com\/nosotros\/\",\"url\":\"https:\/\/vestigaconsultores.com\/nosotros\/\",\"name\":\"Nosotros\"}},{\"@type\":\"ListItem\",\"position\":3,\"item\":{\"@type\":\"WebPage\",\"@id\":\"https:\/\/vestigaconsultores.com\/nosotros\/sergio-diaz\/\",\"url\":\"https:\/\/vestigaconsultores.com\/nosotros\/sergio-diaz\/\",\"name\":\"Sergio D\\u00edaz\"}}]}]}<\/script>\n<!-- \/ Yoast SEO plugin. -->","_links":{"self":[{"href":"https:\/\/vestigaconsultores.com\/en\/wp-json\/wp\/v2\/pages\/711146"}],"collection":[{"href":"https:\/\/vestigaconsultores.com\/en\/wp-json\/wp\/v2\/pages"}],"about":[{"href":"https:\/\/vestigaconsultores.com\/en\/wp-json\/wp\/v2\/types\/page"}],"author":[{"embeddable":true,"href":"https:\/\/vestigaconsultores.com\/en\/wp-json\/wp\/v2\/users\/1"}],"replies":[{"embeddable":true,"href":"https:\/\/vestigaconsultores.com\/en\/wp-json\/wp\/v2\/comments?post=711146"}],"version-history":[{"count":8,"href":"https:\/\/vestigaconsultores.com\/en\/wp-json\/wp\/v2\/pages\/711146\/revisions"}],"predecessor-version":[{"id":711932,"href":"https:\/\/vestigaconsultores.com\/en\/wp-json\/wp\/v2\/pages\/711146\/revisions\/711932"}],"up":[{"embeddable":true,"href":"https:\/\/vestigaconsultores.com\/en\/wp-json\/wp\/v2\/pages\/711029"}],"wp:attachment":[{"href":"https:\/\/vestigaconsultores.com\/en\/wp-json\/wp\/v2\/media?parent=711146"}],"curies":[{"name":"wp","href":"https:\/\/api.w.org\/{rel}","templated":true}]}}