{"id":711154,"date":"2021-04-27T16:47:46","date_gmt":"2021-04-27T16:47:46","guid":{"rendered":"https:\/\/vestigaconsultores.com\/?page_id=711154"},"modified":"2021-05-27T22:23:32","modified_gmt":"2021-05-27T22:23:32","slug":"guillermo-suarez","status":"publish","type":"page","link":"https:\/\/vestigaconsultores.com\/en\/nosotros\/guillermo-suarez\/","title":{"rendered":"Guillermo Su\u00e1rez"},"content":{"rendered":"<h2><strong>GUILLERMO SU\u00c1REZ \u2013 DIRECTOR OF INVESTIGATIONS \/ PARTNER<\/strong><\/h2>\n<p>&nbsp;<\/p>\n<p>Guillermo Su\u00e1rez has 16 years of experience in <strong>investigations<\/strong> and <strong>asset protection<\/strong> for organizations. His expertise helps companies obtain information for strategic decision making.<\/p>\n<p>Guillermo has experience in corporate investigations and advises organizations on effective loss prevention primarily due to fraud or theft. He frequently provides support on solutions related to security risk management.<\/p>\n<p>He has a degree in journalism and has worked in the media as well as an analyst and researcher at Kroll Mexico, FTI Consulting, Grupo Atalaya and Custos MX.<\/p>\n<p>&nbsp;<\/p>\n<p>&nbsp;<\/p>","protected":false},"excerpt":{"rendered":"<p>GUILLERMO SU\u00c1REZ &#8211; DIRECTOR DE INVESTIGACI\u00d3N \/ SOCIO &nbsp; Guillermo Su\u00e1rez tiene 16 a\u00f1os de experiencia en tareas de investigaci\u00f3n y la protecci\u00f3n de activos para las organizaciones. Sus conocimientos ayudan a las empresas a obtener informaci\u00f3n para la toma de decisiones estrat\u00e9gicas. Guillermo cuenta con experiencia en investigaciones corporativas [&hellip;]<\/p>","protected":false},"author":1,"featured_media":0,"parent":711029,"menu_order":0,"comment_status":"closed","ping_status":"closed","template":"","meta":{"_mi_skip_tracking":false},"yoast_head":"<!-- This site is optimized with the Yoast SEO plugin v16.1.1 - https:\/\/yoast.com\/wordpress\/plugins\/seo\/ -->\n<title>Guillermo Su\u00e1rez - Vestiga Consultores<\/title>\n<meta name=\"description\" content=\"Guillermo Su\u00e1rez tiene 16 a\u00f1os de experiencia en tareas de investigaci\u00f3n y protecci\u00f3n de activos para las organizaciones.\" \/>\n<link rel=\"canonical\" href=\"https:\/\/vestigaconsultores.com\/en\/nosotros\/guillermo-suarez\/\" \/>\n<meta property=\"og:locale\" content=\"en_US\" \/>\n<meta property=\"og:type\" content=\"article\" \/>\n<meta property=\"og:title\" content=\"Guillermo Su\u00e1rez - Vestiga Consultores\" \/>\n<meta property=\"og:description\" content=\"Guillermo Su\u00e1rez tiene 16 a\u00f1os de experiencia en tareas de investigaci\u00f3n y protecci\u00f3n de activos para las organizaciones.\" \/>\n<meta property=\"og:url\" content=\"https:\/\/vestigaconsultores.com\/en\/nosotros\/guillermo-suarez\/\" \/>\n<meta property=\"og:site_name\" content=\"Vestiga Consultores\" \/>\n<meta property=\"article:modified_time\" content=\"2021-05-27T22:23:32+00:00\" \/>\n<meta name=\"twitter:card\" content=\"summary_large_image\" \/>\n<meta name=\"twitter:label1\" content=\"Est. reading time\">\n\t<meta name=\"twitter:data1\" content=\"1 minute\">\n<script type=\"application\/ld+json\" class=\"yoast-schema-graph\">{\"@context\":\"https:\/\/schema.org\",\"@graph\":[{\"@type\":\"WebSite\",\"@id\":\"https:\/\/vestigaconsultores.com\/#website\",\"url\":\"https:\/\/vestigaconsultores.com\/\",\"name\":\"Vestiga Consultores\",\"description\":\"Consultor&iacute;a de Riesgo\",\"potentialAction\":[{\"@type\":\"SearchAction\",\"target\":\"https:\/\/vestigaconsultores.com\/?s={search_term_string}\",\"query-input\":\"required name=search_term_string\"}],\"inLanguage\":\"en-US\"},{\"@type\":\"WebPage\",\"@id\":\"https:\/\/vestigaconsultores.com\/nosotros\/guillermo-suarez\/#webpage\",\"url\":\"https:\/\/vestigaconsultores.com\/nosotros\/guillermo-suarez\/\",\"name\":\"Guillermo Su\\u00e1rez - Vestiga Consultores\",\"isPartOf\":{\"@id\":\"https:\/\/vestigaconsultores.com\/#website\"},\"datePublished\":\"2021-04-27T16:47:46+00:00\",\"dateModified\":\"2021-05-27T22:23:32+00:00\",\"description\":\"Guillermo Su\\u00e1rez tiene 16 a\\u00f1os de experiencia en tareas de investigaci\\u00f3n y protecci\\u00f3n de activos para las organizaciones.\",\"breadcrumb\":{\"@id\":\"https:\/\/vestigaconsultores.com\/nosotros\/guillermo-suarez\/#breadcrumb\"},\"inLanguage\":\"en-US\",\"potentialAction\":[{\"@type\":\"ReadAction\",\"target\":[\"https:\/\/vestigaconsultores.com\/nosotros\/guillermo-suarez\/\"]}]},{\"@type\":\"BreadcrumbList\",\"@id\":\"https:\/\/vestigaconsultores.com\/nosotros\/guillermo-suarez\/#breadcrumb\",\"itemListElement\":[{\"@type\":\"ListItem\",\"position\":1,\"item\":{\"@type\":\"WebPage\",\"@id\":\"https:\/\/vestigaconsultores.com\/\",\"url\":\"https:\/\/vestigaconsultores.com\/\",\"name\":\"Portada\"}},{\"@type\":\"ListItem\",\"position\":2,\"item\":{\"@type\":\"WebPage\",\"@id\":\"https:\/\/vestigaconsultores.com\/nosotros\/\",\"url\":\"https:\/\/vestigaconsultores.com\/nosotros\/\",\"name\":\"Nosotros\"}},{\"@type\":\"ListItem\",\"position\":3,\"item\":{\"@type\":\"WebPage\",\"@id\":\"https:\/\/vestigaconsultores.com\/nosotros\/guillermo-suarez\/\",\"url\":\"https:\/\/vestigaconsultores.com\/nosotros\/guillermo-suarez\/\",\"name\":\"Guillermo Su\\u00e1rez\"}}]}]}<\/script>\n<!-- \/ Yoast SEO plugin. -->","_links":{"self":[{"href":"https:\/\/vestigaconsultores.com\/en\/wp-json\/wp\/v2\/pages\/711154"}],"collection":[{"href":"https:\/\/vestigaconsultores.com\/en\/wp-json\/wp\/v2\/pages"}],"about":[{"href":"https:\/\/vestigaconsultores.com\/en\/wp-json\/wp\/v2\/types\/page"}],"author":[{"embeddable":true,"href":"https:\/\/vestigaconsultores.com\/en\/wp-json\/wp\/v2\/users\/1"}],"replies":[{"embeddable":true,"href":"https:\/\/vestigaconsultores.com\/en\/wp-json\/wp\/v2\/comments?post=711154"}],"version-history":[{"count":4,"href":"https:\/\/vestigaconsultores.com\/en\/wp-json\/wp\/v2\/pages\/711154\/revisions"}],"predecessor-version":[{"id":711935,"href":"https:\/\/vestigaconsultores.com\/en\/wp-json\/wp\/v2\/pages\/711154\/revisions\/711935"}],"up":[{"embeddable":true,"href":"https:\/\/vestigaconsultores.com\/en\/wp-json\/wp\/v2\/pages\/711029"}],"wp:attachment":[{"href":"https:\/\/vestigaconsultores.com\/en\/wp-json\/wp\/v2\/media?parent=711154"}],"curies":[{"name":"wp","href":"https:\/\/api.w.org\/{rel}","templated":true}]}}