{"id":711156,"date":"2021-04-27T16:50:06","date_gmt":"2021-04-27T16:50:06","guid":{"rendered":"https:\/\/vestigaconsultores.com\/?page_id=711156"},"modified":"2021-05-27T22:27:31","modified_gmt":"2021-05-27T22:27:31","slug":"eduardo-ortega","status":"publish","type":"page","link":"https:\/\/vestigaconsultores.com\/en\/nosotros\/eduardo-ortega\/","title":{"rendered":"Eduardo Ortega"},"content":{"rendered":"<h2><strong>EDUARDO ORTEGA \u2013 DIRECTOR OF BUSINESS DEVEOPMENT<\/strong><\/h2>\n<p>Eduardo Ortega is an experienced consultant who has collaborated in international firms such as KPMG, Deloitte, Kroll and FTI Consulting, where he was responsible for <strong>identifying<\/strong> and <strong>developing business opportunities.<\/strong> His deep knowledge on a wide variety of services offered by consulting firms has resulted in many long-lasting business relationships.<\/p>\n<p>Eduardo is a computer science graduate of the Universidad An\u00e1huac and has postgraduate-level studies at the Instituto Panamericano de Alta Direcci\u00f3n de Empresa (IPADE).<\/p>\n<p>&nbsp;<\/p>","protected":false},"excerpt":{"rendered":"<p>EDUARDO ORTEGA &#8211; DIRECTOR DE DESARROLLO DE NEGOCIOS Eduardo Ortega es un experimentado consultor que ha colaborado con firmas internacionales como KPMG, Deloitte, Kroll y FTI Consulting, habiendo estado involucrado en la identificaci\u00f3n y desarrollo de oportunidades de negocio para una amplia variedad de servicios de consultor\u00eda para dichas firmas [&hellip;]<\/p>","protected":false},"author":1,"featured_media":0,"parent":711029,"menu_order":0,"comment_status":"closed","ping_status":"closed","template":"","meta":{"_mi_skip_tracking":false},"yoast_head":"<!-- This site is optimized with the Yoast SEO plugin v16.1.1 - https:\/\/yoast.com\/wordpress\/plugins\/seo\/ -->\n<title>Eduardo Ortega - Vestiga Consultores<\/title>\n<meta name=\"description\" content=\"Eduardo Ortega cuenta con m\u00e1s de 20 a\u00f1os de experiencia en la identificaci\u00f3n y desarrollo de oportunidades de negocio.\" \/>\n<link rel=\"canonical\" href=\"https:\/\/vestigaconsultores.com\/en\/nosotros\/eduardo-ortega\/\" \/>\n<meta property=\"og:locale\" content=\"en_US\" \/>\n<meta property=\"og:type\" content=\"article\" \/>\n<meta property=\"og:title\" content=\"Eduardo Ortega - Vestiga Consultores\" \/>\n<meta property=\"og:description\" content=\"Eduardo Ortega cuenta con m\u00e1s de 20 a\u00f1os de experiencia en la identificaci\u00f3n y desarrollo de oportunidades de negocio.\" \/>\n<meta property=\"og:url\" content=\"https:\/\/vestigaconsultores.com\/en\/nosotros\/eduardo-ortega\/\" \/>\n<meta property=\"og:site_name\" content=\"Vestiga Consultores\" \/>\n<meta property=\"article:modified_time\" content=\"2021-05-27T22:27:31+00:00\" \/>\n<meta name=\"twitter:card\" content=\"summary_large_image\" \/>\n<meta name=\"twitter:label1\" content=\"Est. reading time\">\n\t<meta name=\"twitter:data1\" content=\"1 minute\">\n<script type=\"application\/ld+json\" class=\"yoast-schema-graph\">{\"@context\":\"https:\/\/schema.org\",\"@graph\":[{\"@type\":\"WebSite\",\"@id\":\"https:\/\/vestigaconsultores.com\/#website\",\"url\":\"https:\/\/vestigaconsultores.com\/\",\"name\":\"Vestiga Consultores\",\"description\":\"Consultor&iacute;a de Riesgo\",\"potentialAction\":[{\"@type\":\"SearchAction\",\"target\":\"https:\/\/vestigaconsultores.com\/?s={search_term_string}\",\"query-input\":\"required name=search_term_string\"}],\"inLanguage\":\"en-US\"},{\"@type\":\"WebPage\",\"@id\":\"https:\/\/vestigaconsultores.com\/nosotros\/eduardo-ortega\/#webpage\",\"url\":\"https:\/\/vestigaconsultores.com\/nosotros\/eduardo-ortega\/\",\"name\":\"Eduardo Ortega - Vestiga Consultores\",\"isPartOf\":{\"@id\":\"https:\/\/vestigaconsultores.com\/#website\"},\"datePublished\":\"2021-04-27T16:50:06+00:00\",\"dateModified\":\"2021-05-27T22:27:31+00:00\",\"description\":\"Eduardo Ortega cuenta con m\\u00e1s de 20 a\\u00f1os de experiencia en la identificaci\\u00f3n y desarrollo de oportunidades de negocio.\",\"breadcrumb\":{\"@id\":\"https:\/\/vestigaconsultores.com\/nosotros\/eduardo-ortega\/#breadcrumb\"},\"inLanguage\":\"en-US\",\"potentialAction\":[{\"@type\":\"ReadAction\",\"target\":[\"https:\/\/vestigaconsultores.com\/nosotros\/eduardo-ortega\/\"]}]},{\"@type\":\"BreadcrumbList\",\"@id\":\"https:\/\/vestigaconsultores.com\/nosotros\/eduardo-ortega\/#breadcrumb\",\"itemListElement\":[{\"@type\":\"ListItem\",\"position\":1,\"item\":{\"@type\":\"WebPage\",\"@id\":\"https:\/\/vestigaconsultores.com\/\",\"url\":\"https:\/\/vestigaconsultores.com\/\",\"name\":\"Portada\"}},{\"@type\":\"ListItem\",\"position\":2,\"item\":{\"@type\":\"WebPage\",\"@id\":\"https:\/\/vestigaconsultores.com\/nosotros\/\",\"url\":\"https:\/\/vestigaconsultores.com\/nosotros\/\",\"name\":\"Nosotros\"}},{\"@type\":\"ListItem\",\"position\":3,\"item\":{\"@type\":\"WebPage\",\"@id\":\"https:\/\/vestigaconsultores.com\/nosotros\/eduardo-ortega\/\",\"url\":\"https:\/\/vestigaconsultores.com\/nosotros\/eduardo-ortega\/\",\"name\":\"Eduardo Ortega\"}}]}]}<\/script>\n<!-- \/ Yoast SEO plugin. -->","_links":{"self":[{"href":"https:\/\/vestigaconsultores.com\/en\/wp-json\/wp\/v2\/pages\/711156"}],"collection":[{"href":"https:\/\/vestigaconsultores.com\/en\/wp-json\/wp\/v2\/pages"}],"about":[{"href":"https:\/\/vestigaconsultores.com\/en\/wp-json\/wp\/v2\/types\/page"}],"author":[{"embeddable":true,"href":"https:\/\/vestigaconsultores.com\/en\/wp-json\/wp\/v2\/users\/1"}],"replies":[{"embeddable":true,"href":"https:\/\/vestigaconsultores.com\/en\/wp-json\/wp\/v2\/comments?post=711156"}],"version-history":[{"count":5,"href":"https:\/\/vestigaconsultores.com\/en\/wp-json\/wp\/v2\/pages\/711156\/revisions"}],"predecessor-version":[{"id":711936,"href":"https:\/\/vestigaconsultores.com\/en\/wp-json\/wp\/v2\/pages\/711156\/revisions\/711936"}],"up":[{"embeddable":true,"href":"https:\/\/vestigaconsultores.com\/en\/wp-json\/wp\/v2\/pages\/711029"}],"wp:attachment":[{"href":"https:\/\/vestigaconsultores.com\/en\/wp-json\/wp\/v2\/media?parent=711156"}],"curies":[{"name":"wp","href":"https:\/\/api.w.org\/{rel}","templated":true}]}}