{"id":711158,"date":"2021-04-27T16:59:33","date_gmt":"2021-04-27T16:59:33","guid":{"rendered":"https:\/\/vestigaconsultores.com\/?page_id=711158"},"modified":"2022-08-02T22:08:43","modified_gmt":"2022-08-02T22:08:43","slug":"juan-jose-ahumada","status":"publish","type":"page","link":"https:\/\/vestigaconsultores.com\/en\/nosotros\/juan-jose-ahumada\/","title":{"rendered":"Juan Jos\u00e9 Ahumada"},"content":{"rendered":"<h2><strong>JUAN JOS\u00c9 AHUMADA \u2013\u00a0<\/strong><strong>ENCARGADO DE LA OFICINA EN MONTERREY Y\u00a0<\/strong><strong>ASOCIADO DE GOBIERNO DE SEGURIDAD PATRIMONIAL<\/strong><\/h2>\n<p>Juan Jos\u00e9 Ahumada has extensive experience in corporate security. His approach helps organizations to detect and prevent risks that endanger their personnel and assets.<\/p>\n<p>In addition, Juan Jos\u00e9 is a specialist in <strong>creating processes<\/strong> and <strong>systems for continuous improvement<\/strong>, helping to advance the performance and results of resources allocated to security.<\/p>\n<p>His work with companies has contributed to reducing losses and making better use of their investment in security.<\/p>\n<p>Juan Jos\u00e9 has a degree in industrial and systems engineering and an MBA with specialization in quality and productivity. While working at pharmaceutical and retail companies, he was in charge of the areas of process and continuous improvement related to security risk management and loss prevention.<\/p>\n<p>&nbsp;<\/p>\n<p>&nbsp;<\/p>","protected":false},"excerpt":{"rendered":"<p>JUAN JOS\u00c9 AHUMADA \u2013\u00a0ENCARGADO DE LA OFICINA EN MONTERREY Y\u00a0ASOCIADO DE GOBIERNO DE SEGURIDAD PATRIMONIAL Juan Jos\u00e9 Ahumada tiene una gran experiencia en Seguridad Patrimonial. Su enfoque ayuda a las organizaciones a detectar y prevenir los riesgos que ponen en peligro a su gente y los bienes. Adem\u00e1s, Juan Jos\u00e9 [&hellip;]<\/p>","protected":false},"author":1,"featured_media":0,"parent":711029,"menu_order":0,"comment_status":"closed","ping_status":"closed","template":"","meta":{"_mi_skip_tracking":false},"yoast_head":"<!-- This site is optimized with the Yoast SEO plugin v16.1.1 - https:\/\/yoast.com\/wordpress\/plugins\/seo\/ -->\n<title>Juan Jos\u00e9 Ahumada - Vestiga Consultores<\/title>\n<meta name=\"description\" content=\"Juan Jos\u00e9 Ahumada es experto en Seguridad Patrimonial. Su creaci\u00f3n de procesos y sistemas de mejora continua contribuyen a reducir p\u00e9rdidas.\" \/>\n<link rel=\"canonical\" href=\"https:\/\/vestigaconsultores.com\/en\/nosotros\/juan-jose-ahumada\/\" \/>\n<meta property=\"og:locale\" content=\"en_US\" \/>\n<meta property=\"og:type\" content=\"article\" \/>\n<meta property=\"og:title\" content=\"Juan Jos\u00e9 Ahumada - Vestiga Consultores\" \/>\n<meta property=\"og:description\" content=\"Juan Jos\u00e9 Ahumada es experto en Seguridad Patrimonial. Su creaci\u00f3n de procesos y sistemas de mejora continua contribuyen a reducir p\u00e9rdidas.\" \/>\n<meta property=\"og:url\" content=\"https:\/\/vestigaconsultores.com\/en\/nosotros\/juan-jose-ahumada\/\" \/>\n<meta property=\"og:site_name\" content=\"Vestiga Consultores\" \/>\n<meta property=\"article:modified_time\" content=\"2022-08-02T22:08:43+00:00\" \/>\n<meta name=\"twitter:card\" content=\"summary_large_image\" \/>\n<meta name=\"twitter:label1\" content=\"Est. reading time\">\n\t<meta name=\"twitter:data1\" content=\"1 minute\">\n<script type=\"application\/ld+json\" class=\"yoast-schema-graph\">{\"@context\":\"https:\/\/schema.org\",\"@graph\":[{\"@type\":\"WebSite\",\"@id\":\"https:\/\/vestigaconsultores.com\/#website\",\"url\":\"https:\/\/vestigaconsultores.com\/\",\"name\":\"Vestiga Consultores\",\"description\":\"Consultor&iacute;a de Riesgo\",\"potentialAction\":[{\"@type\":\"SearchAction\",\"target\":\"https:\/\/vestigaconsultores.com\/?s={search_term_string}\",\"query-input\":\"required name=search_term_string\"}],\"inLanguage\":\"en-US\"},{\"@type\":\"WebPage\",\"@id\":\"https:\/\/vestigaconsultores.com\/nosotros\/juan-jose-ahumada\/#webpage\",\"url\":\"https:\/\/vestigaconsultores.com\/nosotros\/juan-jose-ahumada\/\",\"name\":\"Juan Jos\\u00e9 Ahumada - Vestiga Consultores\",\"isPartOf\":{\"@id\":\"https:\/\/vestigaconsultores.com\/#website\"},\"datePublished\":\"2021-04-27T16:59:33+00:00\",\"dateModified\":\"2022-08-02T22:08:43+00:00\",\"description\":\"Juan Jos\\u00e9 Ahumada es experto en Seguridad Patrimonial. Su creaci\\u00f3n de procesos y sistemas de mejora continua contribuyen a reducir p\\u00e9rdidas.\",\"breadcrumb\":{\"@id\":\"https:\/\/vestigaconsultores.com\/nosotros\/juan-jose-ahumada\/#breadcrumb\"},\"inLanguage\":\"en-US\",\"potentialAction\":[{\"@type\":\"ReadAction\",\"target\":[\"https:\/\/vestigaconsultores.com\/nosotros\/juan-jose-ahumada\/\"]}]},{\"@type\":\"BreadcrumbList\",\"@id\":\"https:\/\/vestigaconsultores.com\/nosotros\/juan-jose-ahumada\/#breadcrumb\",\"itemListElement\":[{\"@type\":\"ListItem\",\"position\":1,\"item\":{\"@type\":\"WebPage\",\"@id\":\"https:\/\/vestigaconsultores.com\/\",\"url\":\"https:\/\/vestigaconsultores.com\/\",\"name\":\"Portada\"}},{\"@type\":\"ListItem\",\"position\":2,\"item\":{\"@type\":\"WebPage\",\"@id\":\"https:\/\/vestigaconsultores.com\/nosotros\/\",\"url\":\"https:\/\/vestigaconsultores.com\/nosotros\/\",\"name\":\"Nosotros\"}},{\"@type\":\"ListItem\",\"position\":3,\"item\":{\"@type\":\"WebPage\",\"@id\":\"https:\/\/vestigaconsultores.com\/nosotros\/juan-jose-ahumada\/\",\"url\":\"https:\/\/vestigaconsultores.com\/nosotros\/juan-jose-ahumada\/\",\"name\":\"Juan Jos\\u00e9 Ahumada\"}}]}]}<\/script>\n<!-- \/ Yoast SEO plugin. -->","_links":{"self":[{"href":"https:\/\/vestigaconsultores.com\/en\/wp-json\/wp\/v2\/pages\/711158"}],"collection":[{"href":"https:\/\/vestigaconsultores.com\/en\/wp-json\/wp\/v2\/pages"}],"about":[{"href":"https:\/\/vestigaconsultores.com\/en\/wp-json\/wp\/v2\/types\/page"}],"author":[{"embeddable":true,"href":"https:\/\/vestigaconsultores.com\/en\/wp-json\/wp\/v2\/users\/1"}],"replies":[{"embeddable":true,"href":"https:\/\/vestigaconsultores.com\/en\/wp-json\/wp\/v2\/comments?post=711158"}],"version-history":[{"count":8,"href":"https:\/\/vestigaconsultores.com\/en\/wp-json\/wp\/v2\/pages\/711158\/revisions"}],"predecessor-version":[{"id":712306,"href":"https:\/\/vestigaconsultores.com\/en\/wp-json\/wp\/v2\/pages\/711158\/revisions\/712306"}],"up":[{"embeddable":true,"href":"https:\/\/vestigaconsultores.com\/en\/wp-json\/wp\/v2\/pages\/711029"}],"wp:attachment":[{"href":"https:\/\/vestigaconsultores.com\/en\/wp-json\/wp\/v2\/media?parent=711158"}],"curies":[{"name":"wp","href":"https:\/\/api.w.org\/{rel}","templated":true}]}}