{"id":711164,"date":"2021-04-27T18:18:13","date_gmt":"2021-04-27T18:18:13","guid":{"rendered":"https:\/\/vestigaconsultores.com\/?page_id=711164"},"modified":"2022-08-02T22:12:45","modified_gmt":"2022-08-02T22:12:45","slug":"noe-elizondo-buenfil","status":"publish","type":"page","link":"https:\/\/vestigaconsultores.com\/en\/nosotros\/noe-elizondo-buenfil\/","title":{"rendered":"No\u00e9 Elizondo Buenfil"},"content":{"rendered":"<h2><strong>NO\u00c9 ELIZONDO BUENFIL \u2013 BUSINESS DEVELOPMENT SENIOR ADVISOR Y CONSEJERO SENIOR <\/strong><\/h2>\n<p><strong>A career diplomat<\/strong> durante m\u00e1s de 25 a\u00f1os, No\u00e9 Elizondo Buenfil colabor\u00f3 en las embajadas de M\u00e9xico en Canad\u00e1, Suiza y Corea. Tambi\u00e9n colabor\u00f3 en el Consulado de M\u00e9xico en Shanghai, China.<\/p>\n<p>He was Regional Director of Export Development Canada (EDC) in Monterrey.<\/p>\n<p>No\u00e9 es Ingeniero Industrial y de Sistemas por el Tecnol\u00f3gico de Monterrey (ITESM). Cuenta con una Maestr\u00eda en Ingenier\u00eda en Gesti\u00f3n Tecnol\u00f3gica y una Maestr\u00eda en Administraci\u00f3n de Negocios, ambas de la Universidad de Ottawa. Adem\u00e1s, es egresado del Instituto Mat\u00edas Romero de Estudios Diplom\u00e1ticos de la Secretar\u00eda de Relaciones Exteriores de M\u00e9xico.<\/p>\n<p>No\u00e9 was President of the Mexican Institute of Finance Executives (IMEF) Monterrey Group and is President of the Canadian Chamber of Commerce in Monterrey.<\/p>\n<p>Actualmente, No\u00e9 es empresario e inversionista en los mercados financieros. Se uni\u00f3 como Consejero Senior de VESTIGA a partir de 2017. No\u00e9 Elizondo, ampliamente conocido en las comunidades empresariales de Monterrey y la Ciudad de M\u00e9xico, imparte conferencias sobre la econom\u00eda y cultura de Canad\u00e1 y su relaci\u00f3n con M\u00e9xico.<\/p>\n<p>&nbsp;<\/p>\n<p>&nbsp;<\/p>","protected":false},"excerpt":{"rendered":"<p>NO\u00c9 ELIZONDO BUENFIL \u2013 BUSINESS DEVELOPMENT SENIOR ADVISOR Y CONSEJERO SENIOR Diplom\u00e1tico de carrera durante m\u00e1s de 25 a\u00f1os, No\u00e9 Elizondo Buenfil colabor\u00f3 en las embajadas de M\u00e9xico en Canad\u00e1, Suiza y Corea. Tambi\u00e9n colabor\u00f3 en el Consulado de M\u00e9xico en Shanghai, China. Fue Director Regional de Export Development Canad\u00e1 [&hellip;]<\/p>","protected":false},"author":1,"featured_media":0,"parent":711029,"menu_order":0,"comment_status":"closed","ping_status":"closed","template":"","meta":{"_mi_skip_tracking":false},"yoast_head":"<!-- This site is optimized with the Yoast SEO plugin v16.1.1 - https:\/\/yoast.com\/wordpress\/plugins\/seo\/ -->\n<title>No\u00e9 Elizondo Buenfil - Vestiga Consultores<\/title>\n<meta name=\"description\" content=\"Diplom\u00e1tico de carrera durante m\u00e1s de 25 a\u00f1os, No\u00e9 Elizondo Buenfil colabor\u00f3 en las embajadas de M\u00e9xico en Canad\u00e1, Suiza y Corea.\" \/>\n<link rel=\"canonical\" href=\"https:\/\/vestigaconsultores.com\/en\/nosotros\/noe-elizondo-buenfil\/\" \/>\n<meta property=\"og:locale\" content=\"en_US\" \/>\n<meta property=\"og:type\" content=\"article\" \/>\n<meta property=\"og:title\" content=\"No\u00e9 Elizondo Buenfil - Vestiga Consultores\" \/>\n<meta property=\"og:description\" content=\"Diplom\u00e1tico de carrera durante m\u00e1s de 25 a\u00f1os, No\u00e9 Elizondo Buenfil colabor\u00f3 en las embajadas de M\u00e9xico en Canad\u00e1, Suiza y Corea.\" \/>\n<meta property=\"og:url\" content=\"https:\/\/vestigaconsultores.com\/en\/nosotros\/noe-elizondo-buenfil\/\" \/>\n<meta property=\"og:site_name\" content=\"Vestiga Consultores\" \/>\n<meta property=\"article:modified_time\" content=\"2022-08-02T22:12:45+00:00\" \/>\n<meta name=\"twitter:card\" content=\"summary_large_image\" \/>\n<meta name=\"twitter:label1\" content=\"Est. reading time\">\n\t<meta name=\"twitter:data1\" content=\"1 minute\">\n<script type=\"application\/ld+json\" class=\"yoast-schema-graph\">{\"@context\":\"https:\/\/schema.org\",\"@graph\":[{\"@type\":\"WebSite\",\"@id\":\"https:\/\/vestigaconsultores.com\/#website\",\"url\":\"https:\/\/vestigaconsultores.com\/\",\"name\":\"Vestiga Consultores\",\"description\":\"Consultor&iacute;a de Riesgo\",\"potentialAction\":[{\"@type\":\"SearchAction\",\"target\":\"https:\/\/vestigaconsultores.com\/?s={search_term_string}\",\"query-input\":\"required name=search_term_string\"}],\"inLanguage\":\"en-US\"},{\"@type\":\"WebPage\",\"@id\":\"https:\/\/vestigaconsultores.com\/nosotros\/noe-elizondo-buenfil\/#webpage\",\"url\":\"https:\/\/vestigaconsultores.com\/nosotros\/noe-elizondo-buenfil\/\",\"name\":\"No\\u00e9 Elizondo Buenfil - Vestiga Consultores\",\"isPartOf\":{\"@id\":\"https:\/\/vestigaconsultores.com\/#website\"},\"datePublished\":\"2021-04-27T18:18:13+00:00\",\"dateModified\":\"2022-08-02T22:12:45+00:00\",\"description\":\"Diplom\\u00e1tico de carrera durante m\\u00e1s de 25 a\\u00f1os, No\\u00e9 Elizondo Buenfil colabor\\u00f3 en las embajadas de M\\u00e9xico en Canad\\u00e1, Suiza y Corea.\",\"breadcrumb\":{\"@id\":\"https:\/\/vestigaconsultores.com\/nosotros\/noe-elizondo-buenfil\/#breadcrumb\"},\"inLanguage\":\"en-US\",\"potentialAction\":[{\"@type\":\"ReadAction\",\"target\":[\"https:\/\/vestigaconsultores.com\/nosotros\/noe-elizondo-buenfil\/\"]}]},{\"@type\":\"BreadcrumbList\",\"@id\":\"https:\/\/vestigaconsultores.com\/nosotros\/noe-elizondo-buenfil\/#breadcrumb\",\"itemListElement\":[{\"@type\":\"ListItem\",\"position\":1,\"item\":{\"@type\":\"WebPage\",\"@id\":\"https:\/\/vestigaconsultores.com\/\",\"url\":\"https:\/\/vestigaconsultores.com\/\",\"name\":\"Portada\"}},{\"@type\":\"ListItem\",\"position\":2,\"item\":{\"@type\":\"WebPage\",\"@id\":\"https:\/\/vestigaconsultores.com\/nosotros\/\",\"url\":\"https:\/\/vestigaconsultores.com\/nosotros\/\",\"name\":\"Nosotros\"}},{\"@type\":\"ListItem\",\"position\":3,\"item\":{\"@type\":\"WebPage\",\"@id\":\"https:\/\/vestigaconsultores.com\/nosotros\/noe-elizondo-buenfil\/\",\"url\":\"https:\/\/vestigaconsultores.com\/nosotros\/noe-elizondo-buenfil\/\",\"name\":\"No\\u00e9 Elizondo Buenfil\"}}]}]}<\/script>\n<!-- \/ Yoast SEO plugin. -->","_links":{"self":[{"href":"https:\/\/vestigaconsultores.com\/en\/wp-json\/wp\/v2\/pages\/711164"}],"collection":[{"href":"https:\/\/vestigaconsultores.com\/en\/wp-json\/wp\/v2\/pages"}],"about":[{"href":"https:\/\/vestigaconsultores.com\/en\/wp-json\/wp\/v2\/types\/page"}],"author":[{"embeddable":true,"href":"https:\/\/vestigaconsultores.com\/en\/wp-json\/wp\/v2\/users\/1"}],"replies":[{"embeddable":true,"href":"https:\/\/vestigaconsultores.com\/en\/wp-json\/wp\/v2\/comments?post=711164"}],"version-history":[{"count":5,"href":"https:\/\/vestigaconsultores.com\/en\/wp-json\/wp\/v2\/pages\/711164\/revisions"}],"predecessor-version":[{"id":712308,"href":"https:\/\/vestigaconsultores.com\/en\/wp-json\/wp\/v2\/pages\/711164\/revisions\/712308"}],"up":[{"embeddable":true,"href":"https:\/\/vestigaconsultores.com\/en\/wp-json\/wp\/v2\/pages\/711029"}],"wp:attachment":[{"href":"https:\/\/vestigaconsultores.com\/en\/wp-json\/wp\/v2\/media?parent=711164"}],"curies":[{"name":"wp","href":"https:\/\/api.w.org\/{rel}","templated":true}]}}