{"id":711204,"date":"2021-04-28T23:06:39","date_gmt":"2021-04-28T23:06:39","guid":{"rendered":"https:\/\/vestigaconsultores.com\/?page_id=711204"},"modified":"2023-08-11T19:31:45","modified_gmt":"2023-08-11T19:31:45","slug":"seguridad-patrimonial","status":"publish","type":"page","link":"https:\/\/vestigaconsultores.com\/en\/soluciones\/seguridad-patrimonial\/","title":{"rendered":"Security Risk Management"},"content":{"rendered":"<div data-vc-full-width=\"true\" data-vc-full-width-init=\"false\" class=\"vc_row wpb_row vc_row-fluid vc_custom_1620397683089 vc_row-stretch vc_row-o-equal-height vc_row-o-content-middle vc_row-flex\"><div class=\"wpb_column vc_column_container vc_col-sm-6 col-has-padding col-padding-2 col-padding-right\"><div class=\"vc_column-inner\"><div class=\"wpb_wrapper\">\n\t<div class=\"wpb_video_widget wpb_content_element vc_clearfix   vc_video-aspect-ratio-169 vc_video-el-width-100 vc_video-align-left\" >\n\t\t<div class=\"wpb_wrapper\">\n\t\t\t\n\t\t\t<div class=\"wpb_video_wrapper\"><iframe title=\"Security Risk Management\" width=\"500\" height=\"281\" src=\"https:\/\/www.youtube.com\/embed\/pYOTYVx85-4?feature=oembed\" frameborder=\"0\" allow=\"accelerometer; autoplay; clipboard-write; encrypted-media; gyroscope; picture-in-picture\" allowfullscreen><\/iframe><\/div>\n\t\t<\/div>\n\t<\/div>\n<\/div><\/div><\/div><div class=\"wpb_column vc_column_container vc_col-sm-6 col-has-padding col-padding-2 col-padding-left\"><div class=\"vc_column-inner\"><div class=\"wpb_wrapper\">\n\t<div class=\"wpb_text_column wpb_content_element  font-size-medium\">\n\t\t<div class=\"wpb_wrapper\">\n\t\t\t<h3><\/h3>\n<h3>Security Risk Management<\/h3>\n<p>VESTIGA's Security Risk Management area uses the best corporate governance practices and methodologies to help clients fulfill their main responsibility: guarantee the security and protection of company assets -specifically human capital, reputation and tangible assets- and ensure business continuity.<\/p>\n<p>We identify the risks to which our clients' operations are exposed and design the right strategies to meet those challenges.<\/p>\n<p>Identificamos los riesgos a los que est\u00e1 expuesta la operaci\u00f3n de nuestros clientes y dise\u00f1amos las estrategias requeridas para afrontar los retos.<\/p>\n<menu id=\"fcltHTML5Menu1\" type=\"context\"><\/menu>\n<menu id=\"fcltHTML5Menu1\" type=\"context\"><\/menu>\n\n\t\t<\/div>\n\t<\/div>\n<\/div><\/div><\/div><\/div><div class=\"vc_row-full-width vc_clearfix\"><\/div><div data-vc-full-width=\"true\" data-vc-full-width-init=\"false\" class=\"vc_row wpb_row vc_row-fluid vc_custom_1620397713535 vc_row-stretch vc_row-o-equal-height vc_row-o-content-middle vc_row-flex\"><div class=\"wpb_column vc_column_container vc_col-sm-12 col-has-padding col-padding-2 col-padding-left\"><div class=\"vc_column-inner\"><div class=\"wpb_wrapper\">\n\t<div class=\"wpb_text_column wpb_content_element  font-size-medium\">\n\t\t<div class=\"wpb_wrapper\">\n\t\t\t<p>We are specialists in creating and executing security functions and processes -complemented by the management of human resources and the implementation of technology devices- to guarantee the best protection.<\/p>\n<p>By implementing Security Risk Management solutions, organizations can obtain major benefits, including reduction of losses due to theft, decrease in the investment in security, and better protection of their assets due to early identification of risks.<\/p>\n\n\t\t<\/div>\n\t<\/div>\n<\/div><\/div><\/div><\/div><div class=\"vc_row-full-width vc_clearfix\"><\/div><div data-vc-full-width=\"true\" data-vc-full-width-init=\"false\" class=\"vc_row wpb_row vc_row-fluid vc_custom_1619925951082 bg-color-1 vc_row-has-fill vc_row-stretch\"><div class=\"wpb_column vc_column_container vc_col-sm-4\"><div class=\"vc_column-inner\"><div class=\"wpb_wrapper\">\n\t<div  class=\"wpb_single_image wpb_content_element vc_align_left\">\n\t\t\n\t\t<figure class=\"wpb_wrapper vc_figure\">\n\t\t\t<div class=\"vc_single_image-wrapper   vc_box_border_grey\"><img class=\"vc_single_image-img\" src=\"https:\/\/vestigaconsultores.com\/wp-content\/uploads\/2021\/05\/Vestiga-025-800x900.png\" width=\"800\" height=\"900\" alt=\"Vestiga Soluciones de Gobierno de Seguridad Patrimonial\" title=\"Vestiga 025\" \/><\/div>\n\t\t<\/figure>\n\t<\/div>\n<\/div><\/div><\/div><div class=\"wpb_column vc_column_container vc_col-sm-4\"><div class=\"vc_column-inner\"><div class=\"wpb_wrapper\">\n\t<div class=\"wpb_text_column wpb_content_element\">\n\t\t<div class=\"wpb_wrapper\">\n\t\t\t<h5>Security audits<\/h5>\n<p>VESTIGA assesses the human, technological, and infrastructure resources and processes that are specifically geared toward the organization's security. Once the assessment service is complete, the client will gain a thorough understanding of the overall condition and capability of its corporate security area and will have a more accurate basis for making strategic decisions. Our work allows organizations to optimize resources and reduce security investments, increase asset protection levels and define specific security strategies for their vulnerable assets.<\/p>\n\n\t\t<\/div>\n\t<\/div>\n<\/div><\/div><\/div><div class=\"wpb_column vc_column_container vc_col-sm-4\"><div class=\"vc_column-inner\"><div class=\"wpb_wrapper\">\n\t<div class=\"wpb_text_column wpb_content_element\">\n\t\t<div class=\"wpb_wrapper\">\n\t\t\t<h5>Continuous Improvement Systems for corporate and facilities security<\/h5>\n<p>Through an on-site review of the security strategy, tasks, instructions, processes and staff of the security risk management area and\/or security provider, we issue precise recommendations that translate into changes in the system and\/or definition of performance indicators in order to optimize resources and increase the level of protection of our clients' assets. This review also allows us to discover if the number of employees and guards hired is the ideal number, and if through improvements in processes and the use of technological elements, the staff can be reduced.<\/p>\n\n\t\t<\/div>\n\t<\/div>\n<\/div><\/div><\/div><\/div><div class=\"vc_row-full-width vc_clearfix\"><\/div><div data-vc-full-width=\"true\" data-vc-full-width-init=\"false\" data-vc-parallax=\"1.3\" class=\"vc_row wpb_row vc_row-fluid vc_custom_1619926044163 vc_row-has-fill vc_row-stretch vc_row-o-equal-height vc_row-o-content-middle vc_row-flex vc_general vc_parallax vc_parallax-content-moving\"><div class=\"wpb_column vc_column_container vc_col-sm-6 col-has-padding col-padding-2 col-padding-left\"><div class=\"vc_column-inner vc_custom_1495543400531\"><div class=\"wpb_wrapper\">\n\t<div class=\"wpb_text_column wpb_content_element\">\n\t\t<div class=\"wpb_wrapper\">\n\t\t\t<h5><em>Takeover<\/em> of Security Risk Management areas<\/h5>\n<p>This service helps clients who, for whatever reason, face difficulties in the management and operation of their security risk management areas. On a temporary basis, VESTIGA can assume the responsibilities the area and implement corrective measures and, once the agreed term is over, return control to the organization's General Management.  VESTIGA appoints an on-site manager to carry out daily security functions, while, at the same time, carries out remedial work and prepares the necessary policies, processes, protocols and instructions to standardize security responsibilities.<\/p>\n\n\t\t<\/div>\n\t<\/div>\n<\/div><\/div><\/div><div class=\"wpb_column vc_column_container vc_col-sm-6\"><div class=\"vc_column-inner\"><div class=\"wpb_wrapper\">\n\t<div  class=\"wpb_single_image wpb_content_element vc_align_left\">\n\t\t\n\t\t<figure class=\"wpb_wrapper vc_figure\">\n\t\t\t<div class=\"vc_single_image-wrapper   vc_box_border_grey\"><img class=\"vc_single_image-img\" src=\"https:\/\/vestigaconsultores.com\/wp-content\/uploads\/2021\/05\/Vestiga-026-800x480.png\" width=\"800\" height=\"480\" alt=\"Vestiga Consultores Conoce sus Soluciones en Gobierno de Seguridad Patrimonial\" title=\"Vestiga 026\" \/><\/div>\n\t\t<\/figure>\n\t<\/div>\n<\/div><\/div><\/div><\/div><div class=\"vc_row-full-width vc_clearfix\"><\/div><div data-vc-full-width=\"true\" data-vc-full-width-init=\"false\" data-vc-parallax=\"1.3\" class=\"vc_row wpb_row vc_row-fluid vc_custom_1619926044163 vc_row-has-fill vc_row-stretch vc_row-o-equal-height vc_row-o-content-middle vc_row-flex vc_general vc_parallax vc_parallax-content-moving\"><div class=\"wpb_column vc_column_container vc_col-sm-4 col-has-padding col-padding-2 col-padding-left\"><div class=\"vc_column-inner vc_custom_1495543400531\"><div class=\"wpb_wrapper\">\n\t<div class=\"wpb_text_column wpb_content_element\">\n\t\t<div class=\"wpb_wrapper\">\n\t\t\t<h5>Security master plans<\/h5>\n<p>VESTIGA's consultants are specialists in creating security master plans. In this service, we produce the necessary policies, processes, protocols, contingency plans and instructions so that our clients' security functions, tasks and responsibilities are clearly defined for the adequate management of any incident and\/or crisis that may arise.<\/p>\n\n\t\t<\/div>\n\t<\/div>\n<\/div><\/div><\/div><div class=\"wpb_column vc_column_container vc_col-sm-4\"><div class=\"vc_column-inner\"><div class=\"wpb_wrapper\">\n\t<div class=\"wpb_text_column wpb_content_element\">\n\t\t<div class=\"wpb_wrapper\">\n\t\t\t<h5>Risk and environment analysis<\/h5>\n<p>Before determining which measures to take to protect their assets, an organization needs to know what should be protected and what current threats and risks they face. VESTIGA can produce the analysis needed for this strategic decision on risks and the organization's surrounding environment. By analyzing crime statistics, social dynamics and the nature of the company's operation, VESTIGA identifies the main risks to which its clients' operations are exposed.<\/p>\n\n\t\t<\/div>\n\t<\/div>\n<\/div><\/div><\/div><div class=\"wpb_column vc_column_container vc_col-sm-4\"><div class=\"vc_column-inner\"><div class=\"wpb_wrapper\">\n\t<div class=\"wpb_text_column wpb_content_element\">\n\t\t<div class=\"wpb_wrapper\">\n\t\t\t<h5>Prevention campaigns<\/h5>\n<p>Organizations should constantly remind employees of key messages on security, prevention, hygiene, production and other topics through information campaigns. At VESTIGA, we assume this responsibility for our clients and design the contents and materials for dissemination. These campaigns can be used by the organization's different area, including General Management, Human Resources, Operations, Occupational Safety and Industrial Hygiene and Security Risk Management.<\/p>\n\n\t\t<\/div>\n\t<\/div>\n<\/div><\/div><\/div><\/div><div class=\"vc_row-full-width vc_clearfix\"><\/div><div data-vc-full-width=\"true\" data-vc-full-width-init=\"false\" class=\"vc_row wpb_row vc_row-fluid vc_custom_1619925971625 bg-color-1 vc_row-has-fill vc_row-stretch\"><div class=\"wpb_column vc_column_container vc_col-sm-4\"><div class=\"vc_column-inner\"><div class=\"wpb_wrapper\">\n\t<div  class=\"wpb_single_image wpb_content_element vc_align_left\">\n\t\t\n\t\t<figure class=\"wpb_wrapper vc_figure\">\n\t\t\t<div class=\"vc_single_image-wrapper   vc_box_border_grey\"><img class=\"vc_single_image-img\" src=\"https:\/\/vestigaconsultores.com\/wp-content\/uploads\/2021\/05\/Vestiga-028-500x600.png\" width=\"500\" height=\"600\" alt=\"Vestiga Consultores - Gobierno de Seguridad Patrimonial - Campa\u00f1as y Simulacros\" title=\"Vestiga 028\" \/><\/div>\n\t\t<\/figure>\n\t<\/div>\n<\/div><\/div><\/div><div class=\"wpb_column vc_column_container vc_col-sm-4\"><div class=\"vc_column-inner\"><div class=\"wpb_wrapper\">\n\t<div class=\"wpb_text_column wpb_content_element\">\n\t\t<div class=\"wpb_wrapper\">\n\t\t\t<h5>Emergency Response Training<\/h5>\n<p>Once an organization has contingency plans and reaction protocols for different risk situations, they also need to have a schedule of emergency exercises so that employees know how they should respond in the event of an incident. VESTIGA can design a program to respond to different security risk scenarios: bomb threats, shootings, asset theft, unauthorized intrusions, false credentials, suspicious vehicles, extortion, kidnapping of employees, theft of transportation units, and internal altercations, etc.<\/p>\n\n\t\t<\/div>\n\t<\/div>\n<\/div><\/div><\/div><div class=\"wpb_column vc_column_container vc_col-sm-4\"><div class=\"vc_column-inner\"><div class=\"wpb_wrapper\">\n\t<div class=\"wpb_text_column wpb_content_element\">\n\t\t<div class=\"wpb_wrapper\">\n\t\t\t<h5>Security operations procurement assistance<\/h5>\n<p>Organizations are often dissatisfied with one of the most widely used services to protect their assets and facilities: private security companies. VESTIGA, can provide technical and legal advice to our clients in their process of selecting and hiring a security provider. We help define requirements and the number of guards needed, implement a process to identify the best candidates, and deliver a legal contract that safeguards and protects your interests.<\/p>\n\n\t\t<\/div>\n\t<\/div>\n<\/div><\/div><\/div><\/div><div class=\"vc_row-full-width vc_clearfix\"><\/div><div data-vc-full-width=\"true\" data-vc-full-width-init=\"false\" data-vc-stretch-content=\"true\" class=\"vc_row wpb_row vc_row-fluid vc_custom_1619924034689 color-scheme-white bg-color-accent vc_row-has-fill vc_row-stretch vc_row-no-padding bg-overlay bg-overlay-accent\"><div class=\"wpb_column vc_column_container vc_col-sm-12\"><div class=\"vc_column-inner\"><div class=\"wpb_wrapper\"><div class=\"vntd-cta cta-text-color-white bg-color-none cta-align-left\"><div class=\"container\"><div class=\"row\"><div class=\"cta-texts col-md-8 col-sm-12\"><h2 class=\"cta-heading\"><span>Get to know us<\/span><\/h2><p class=\"cta-subtitle\">Find out how VESTIGA can help your organization.<\/p><\/div><div class=\"cta-buttons col-md-4 col-sm-12\"><a href=\"https:\/\/vestigaconsultores.com\/en\/contacto\/\" title=\"CONTACT\" class=\"btn cta-btn1 btn-solid btn-white btn-hover-dark\">CONTACT US<\/a><\/div><\/div><\/div><\/div><\/div><\/div><\/div><\/div><div class=\"vc_row-full-width vc_clearfix\"><\/div>","protected":false},"excerpt":{"rendered":"Gobierno de Seguridad Patrimonial La pr\u00e1ctica de Gobierno de Seguridad Patrimonial de VESTIGA utiliza las mejores pr\u00e1cticas y metodolog\u00edas de Gobierno Corporativo, para ayudar a los clientes a cumplir una de sus tareas principales: garantizar la seguridad y protecci\u00f3n de todos sus activos, y velar por la continuidad del negocio. [...]","protected":false},"author":1,"featured_media":0,"parent":198,"menu_order":0,"comment_status":"closed","ping_status":"closed","template":"","meta":{"_mi_skip_tracking":false},"yoast_head":"<!-- This site is optimized with the Yoast SEO plugin v16.1.1 - https:\/\/yoast.com\/wordpress\/plugins\/seo\/ -->\n<title>Seguridad Patrimonial - Vestiga Consultores<\/title>\n<meta name=\"description\" content=\"Garantizar la Seguridad Patrimonial de todos sus activos es tarea primordial de toda organizaci\u00f3n para garantizar la continuidad del negocio.\" \/>\n<link rel=\"canonical\" href=\"https:\/\/vestigaconsultores.com\/en\/soluciones\/seguridad-patrimonial\/\" \/>\n<meta property=\"og:locale\" content=\"en_US\" \/>\n<meta property=\"og:type\" content=\"article\" \/>\n<meta property=\"og:title\" content=\"Seguridad Patrimonial - Vestiga Consultores\" \/>\n<meta property=\"og:description\" content=\"Garantizar la Seguridad Patrimonial de todos sus activos es tarea primordial de toda organizaci\u00f3n para garantizar la continuidad del negocio.\" \/>\n<meta property=\"og:url\" content=\"https:\/\/vestigaconsultores.com\/en\/soluciones\/seguridad-patrimonial\/\" \/>\n<meta property=\"og:site_name\" content=\"Vestiga Consultores\" \/>\n<meta property=\"article:modified_time\" content=\"2023-08-11T19:31:45+00:00\" \/>\n<meta name=\"twitter:card\" content=\"summary_large_image\" \/>\n<meta name=\"twitter:label1\" content=\"Est. reading time\">\n\t<meta name=\"twitter:data1\" content=\"5 minutes\">\n<script type=\"application\/ld+json\" class=\"yoast-schema-graph\">{\"@context\":\"https:\/\/schema.org\",\"@graph\":[{\"@type\":\"WebSite\",\"@id\":\"https:\/\/vestigaconsultores.com\/#website\",\"url\":\"https:\/\/vestigaconsultores.com\/\",\"name\":\"Vestiga Consultores\",\"description\":\"Consultor&iacute;a de Riesgo\",\"potentialAction\":[{\"@type\":\"SearchAction\",\"target\":\"https:\/\/vestigaconsultores.com\/?s={search_term_string}\",\"query-input\":\"required name=search_term_string\"}],\"inLanguage\":\"en-US\"},{\"@type\":\"WebPage\",\"@id\":\"https:\/\/vestigaconsultores.com\/soluciones\/seguridad-patrimonial\/#webpage\",\"url\":\"https:\/\/vestigaconsultores.com\/soluciones\/seguridad-patrimonial\/\",\"name\":\"Seguridad Patrimonial - Vestiga Consultores\",\"isPartOf\":{\"@id\":\"https:\/\/vestigaconsultores.com\/#website\"},\"datePublished\":\"2021-04-28T23:06:39+00:00\",\"dateModified\":\"2023-08-11T19:31:45+00:00\",\"description\":\"Garantizar la Seguridad Patrimonial de todos sus activos es tarea primordial de toda organizaci\\u00f3n para garantizar la continuidad del negocio.\",\"breadcrumb\":{\"@id\":\"https:\/\/vestigaconsultores.com\/soluciones\/seguridad-patrimonial\/#breadcrumb\"},\"inLanguage\":\"en-US\",\"potentialAction\":[{\"@type\":\"ReadAction\",\"target\":[\"https:\/\/vestigaconsultores.com\/soluciones\/seguridad-patrimonial\/\"]}]},{\"@type\":\"BreadcrumbList\",\"@id\":\"https:\/\/vestigaconsultores.com\/soluciones\/seguridad-patrimonial\/#breadcrumb\",\"itemListElement\":[{\"@type\":\"ListItem\",\"position\":1,\"item\":{\"@type\":\"WebPage\",\"@id\":\"https:\/\/vestigaconsultores.com\/\",\"url\":\"https:\/\/vestigaconsultores.com\/\",\"name\":\"Portada\"}},{\"@type\":\"ListItem\",\"position\":2,\"item\":{\"@type\":\"WebPage\",\"@id\":\"https:\/\/vestigaconsultores.com\/soluciones\/\",\"url\":\"https:\/\/vestigaconsultores.com\/soluciones\/\",\"name\":\"Soluciones\"}},{\"@type\":\"ListItem\",\"position\":3,\"item\":{\"@type\":\"WebPage\",\"@id\":\"https:\/\/vestigaconsultores.com\/soluciones\/seguridad-patrimonial\/\",\"url\":\"https:\/\/vestigaconsultores.com\/soluciones\/seguridad-patrimonial\/\",\"name\":\"Seguridad Patrimonial\"}}]}]}<\/script>\n<!-- \/ Yoast SEO plugin. -->","_links":{"self":[{"href":"https:\/\/vestigaconsultores.com\/en\/wp-json\/wp\/v2\/pages\/711204"}],"collection":[{"href":"https:\/\/vestigaconsultores.com\/en\/wp-json\/wp\/v2\/pages"}],"about":[{"href":"https:\/\/vestigaconsultores.com\/en\/wp-json\/wp\/v2\/types\/page"}],"author":[{"embeddable":true,"href":"https:\/\/vestigaconsultores.com\/en\/wp-json\/wp\/v2\/users\/1"}],"replies":[{"embeddable":true,"href":"https:\/\/vestigaconsultores.com\/en\/wp-json\/wp\/v2\/comments?post=711204"}],"version-history":[{"count":12,"href":"https:\/\/vestigaconsultores.com\/en\/wp-json\/wp\/v2\/pages\/711204\/revisions"}],"predecessor-version":[{"id":712713,"href":"https:\/\/vestigaconsultores.com\/en\/wp-json\/wp\/v2\/pages\/711204\/revisions\/712713"}],"up":[{"embeddable":true,"href":"https:\/\/vestigaconsultores.com\/en\/wp-json\/wp\/v2\/pages\/198"}],"wp:attachment":[{"href":"https:\/\/vestigaconsultores.com\/en\/wp-json\/wp\/v2\/media?parent=711204"}],"curies":[{"name":"wp","href":"https:\/\/api.w.org\/{rel}","templated":true}]}}