{"id":892,"date":"2017-08-09T11:35:10","date_gmt":"2017-08-09T11:35:10","guid":{"rendered":"http:\/\/engage.veented.com\/agency\/?page_id=892"},"modified":"2023-05-16T17:38:15","modified_gmt":"2023-05-16T17:38:15","slug":"home","status":"publish","type":"page","link":"https:\/\/vestigaconsultores.com\/en\/","title":{"rendered":"HOME"},"content":{"rendered":"<div data-vc-full-width=\"true\" data-vc-full-width-init=\"false\" class=\"vc_row wpb_row vc_row-fluid vc_custom_1620507890492 color-scheme-white vc_row-has-fill vc_row-stretch bg-overlay bg-overlay-dark30\"><div class=\"wpb_column vc_column_container vc_col-sm-12\"><div class=\"vc_column-inner\"><div class=\"wpb_wrapper\"><div class=\"vc_row wpb_row vc_inner vc_row-fluid\"><div class=\"wpb_column vc_column_container vc_col-sm-12\"><div class=\"vc_column-inner vc_custom_1512568923325\"><div class=\"wpb_wrapper\"><p style=\"font-size: 20px;color: #ffffff;line-height: 1.3em;text-align: center\" class=\"vc_custom_heading vc_custom_1620579539434\" ><a href=\"https:\/\/vestigaconsultores.com\/en\/soluciones\/\" title=\"SOLUTIONS\">Business Intelligence | Cybersecurity | Security Risk Management<\/a><\/p><h1 style=\"font-size: 50px;color: #ffffff;line-height: 1.3em;text-align: center\" class=\"vc_custom_heading\" >We provide solutions for your organization during times of crisis, change and litigation<\/h1><\/div><\/div><\/div><\/div><\/div><\/div><\/div><\/div><div class=\"vc_row-full-width vc_clearfix\"><\/div><div data-vc-full-width=\"true\" data-vc-full-width-init=\"false\" class=\"vc_row wpb_row vc_row-fluid vc_custom_1512570686802 vc_row-stretch\"><div class=\"wpb_column vc_column_container vc_col-sm-12\"><div class=\"vc_column-inner\"><div class=\"wpb_wrapper\"><div class=\"vc_row wpb_row vc_inner vc_row-fluid vc_custom_1510568793437\"><div class=\"wpb_column vc_column_container vc_col-sm-4\"><div class=\"vc_column-inner\"><div class=\"wpb_wrapper\">\n\t<div class=\"wpb_text_column wpb_content_element\">\n\t\t<div class=\"wpb_wrapper\">\n\t\t\t<div class=\"vntd-icon-box vntd-content-element box-aligned-left-basic box-aligned box-aligned-left\"><div class=\"icon-box-icon color-accent\"><i class=\"vc_li vc_li-like\"><\/i><\/div><div class=\"icon-box-content\"><h5 class=\"icon-box-title\">Experience<\/h5><p class=\"icon-description\">VESTIGA's multidisciplinary team of seasoned practitioners comes from the top global risk consulting firms.<\/p><\/div><\/div>\n\n\t\t<\/div>\n\t<\/div>\n<\/div><\/div><\/div><div class=\"wpb_column vc_column_container vc_col-sm-4\"><div class=\"vc_column-inner\"><div class=\"wpb_wrapper\">\n\t<div class=\"wpb_text_column wpb_content_element\">\n\t\t<div class=\"wpb_wrapper\">\n\t\t\t<div class=\"vntd-icon-box vntd-content-element box-aligned-left-basic box-aligned box-aligned-left\"><div class=\"icon-box-icon color-accent\"><i class=\"vc_li vc_li-lock\"><\/i><\/div><div class=\"icon-box-content\"><h5 class=\"icon-box-title\">Confidentiality<\/h5><p class=\"icon-description\">We understand the importance of exercising the utmost discretion and professionalism when serving your organization.<\/p><\/div><\/div>\n\n\t\t<\/div>\n\t<\/div>\n<\/div><\/div><\/div><div class=\"wpb_column vc_column_container vc_col-sm-4\"><div class=\"vc_column-inner\"><div class=\"wpb_wrapper\">\n\t<div class=\"wpb_text_column wpb_content_element\">\n\t\t<div class=\"wpb_wrapper\">\n\t\t\t<div class=\"vntd-icon-box vntd-content-element box-aligned-left-basic box-aligned box-aligned-left\"><div class=\"icon-box-icon color-accent\"><i class=\"vc_li vc_li-news\"><\/i><\/div><div class=\"icon-box-content\"><h5 class=\"icon-box-title\"> Passionate about information<\/h5><p class=\"icon-description\"> What sets us apart from other firms is our dedication to finding and analyzing data and information.<\/p><\/div><\/div>\n\n\t\t<\/div>\n\t<\/div>\n<\/div><\/div><\/div><\/div><\/div><\/div><\/div><\/div><div class=\"vc_row-full-width vc_clearfix\"><\/div><div data-vc-full-width=\"true\" data-vc-full-width-init=\"false\" class=\"vc_row wpb_row vc_row-fluid vc_custom_1512570978964 bg-color-1 vc_row-has-fill vc_row-stretch\"><div class=\"wpb_column vc_column_container vc_col-sm-12\"><div class=\"vc_column-inner\"><div class=\"wpb_wrapper\"><div class=\"vc_row wpb_row vc_inner vc_row-fluid\"><div class=\"wpb_column vc_column_container vc_col-sm-12\"><div class=\"vc_column-inner\"><div class=\"wpb_wrapper\">\n\t<div class=\"wpb_text_column wpb_content_element\">\n\t\t<div class=\"wpb_wrapper\">\n\t\t\t<h3 style=\"text-align: center;\">Our Solutions<\/h3>\n\n\t\t<\/div>\n\t<\/div>\n<\/div><\/div><\/div><\/div><div class=\"vc_row wpb_row vc_inner vc_row-fluid\"><div class=\"wpb_column vc_column_container vc_col-sm-4\"><div class=\"vc_column-inner\"><div class=\"wpb_wrapper\"><div class=\"item simple-grid-item vntd-content-box simple-grid-boxed img-hover-effect-zoom caption-align-left vntd-with-arrow\"><div class=\"simple-grid-image\"><a href=\"https:\/\/vestigaconsultores.com\/en\/soluciones\/inteligencia-de-negocios\/\" title=\"Business Intelligence\" target=\"_blank\"><img src=\"https:\/\/vestigaconsultores.com\/wp-content\/uploads\/2021\/05\/Vestiga-003-600x420.png\" alt=\"Inteligencia de Negocios\"><\/a><\/div><div class=\"simple-grid-caption vntd-caption\"><a href=\"https:\/\/vestigaconsultores.com\/en\/soluciones\/inteligencia-de-negocios\/\" title=\"Business Intelligence\" target=\"_blank\"><h6 class=\"simple-grid-title\">Business Intelligence<\/h6><\/a><p class=\"simple-grid-description\">We provide our clients with accurate, reliable and timely information for their strategic decision-making.<\/p><a href=\"https:\/\/vestigaconsultores.com\/en\/soluciones\/inteligencia-de-negocios\/\" class=\"simple-grid-btn post-more\">Learn More<\/a><\/div><\/div><\/div><\/div><\/div><div class=\"wpb_column vc_column_container vc_col-sm-4\"><div class=\"vc_column-inner\"><div class=\"wpb_wrapper\"><div class=\"item simple-grid-item vntd-content-box simple-grid-boxed img-hover-effect-zoom caption-align-left vntd-with-arrow\"><div class=\"simple-grid-image\"><a href=\"https:\/\/vestigaconsultores.com\/en\/soluciones\/ciberseguridad\/\" title=\"Cybersecurity\" target=\"_blank\"><img src=\"https:\/\/vestigaconsultores.com\/wp-content\/uploads\/2021\/05\/Vestiga-002-600x420.png\" alt=\"Ciberseguridad\"><\/a><\/div><div class=\"simple-grid-caption vntd-caption\"><a href=\"https:\/\/vestigaconsultores.com\/en\/soluciones\/ciberseguridad\/\" title=\"Cybersecurity\" target=\"_blank\"><h6 class=\"simple-grid-title\">Cybersecurity<\/h6><\/a><p class=\"simple-grid-description\">Our digital services enable you to respond to and\/or anticipate crises by effectively protecting your information.<\/p><a href=\"https:\/\/vestigaconsultores.com\/en\/soluciones\/ciberseguridad\/\" class=\"simple-grid-btn post-more\">Learn More<\/a><\/div><\/div><\/div><\/div><\/div><div class=\"wpb_column vc_column_container vc_col-sm-4\"><div class=\"vc_column-inner\"><div class=\"wpb_wrapper\"><div class=\"item simple-grid-item vntd-content-box simple-grid-boxed img-hover-effect-zoom caption-align-left vntd-with-arrow\"><div class=\"simple-grid-image\"><a href=\"https:\/\/vestigaconsultores.com\/en\/soluciones\/seguridad-patrimonial\/\" title=\"Security Risk Management\" target=\"_blank\"><img src=\"https:\/\/vestigaconsultores.com\/wp-content\/uploads\/2021\/05\/Vestiga-001-600x420.png\" alt=\"Seguridad Patrimonial\"><\/a><\/div><div class=\"simple-grid-caption vntd-caption\"><a href=\"https:\/\/vestigaconsultores.com\/en\/soluciones\/seguridad-patrimonial\/\" title=\"Security Risk Management\" target=\"_blank\"><h6 class=\"simple-grid-title\">Security Risk Management<\/h6><\/a><p class=\"simple-grid-description\">We design processes, policies and audits to protect our clients' strategic assets.<\/p><a href=\"https:\/\/vestigaconsultores.com\/en\/soluciones\/seguridad-patrimonial\/\" class=\"simple-grid-btn post-more\">Learn More<\/a><\/div><\/div><\/div><\/div><\/div><\/div><\/div><\/div><\/div><\/div><div class=\"vc_row-full-width vc_clearfix\"><\/div><div data-vc-full-width=\"true\" data-vc-full-width-init=\"false\" data-vc-parallax=\"1.3\" class=\"vc_row wpb_row vc_row-fluid vc_custom_1620067440183 vc_row-has-fill vc_row-stretch vc_row-o-content-middle vc_row-flex vc_general vc_parallax vc_parallax-content-moving\"><div class=\"wpb_column vc_column_container vc_col-sm-6 col-has-padding col-padding-2 col-padding-right\"><div class=\"vc_column-inner vc_custom_1620067476958\"><div class=\"wpb_wrapper\">\n\t<div class=\"wpb_text_column wpb_content_element\">\n\t\t<div class=\"wpb_wrapper\">\n\t\t\t<h3>INSIGHTS<\/h3>\n<p>At VESTIGA, we make it a point to keep on top of the perceptions and mood of Mexican business executives about important current issues that could positively and\/or negatively affect their organizations.<\/p>\n<p>Temas como el desempe\u00f1o econ\u00f3mico y clima de inversi\u00f3n en su sector, la participaci\u00f3n de la mujer en cargos directivos, incidentes de ciberseguridad en sus organizaciones, entre otros.<\/p>\n<p>The results of our observations and exchanges with the business community are picked up by national media.<\/p>\n\n\t\t<\/div>\n\t<\/div>\n<div class=\"btn-holder btn-align-left\"><a href=\"https:\/\/vestigaconsultores.com\/en\/news\/\" title=\"News\" class=\"btn btn-regular btn-solid  btn-accent btn-hover-dark\" target=\"\">Learn More<\/a><\/div><\/div><\/div><\/div><div class=\"wpb_column vc_column_container vc_col-sm-6\"><div class=\"vc_column-inner\"><div class=\"wpb_wrapper\">\n\t<div class=\"wpb_text_column wpb_content_element\">\n\t\t<div class=\"wpb_wrapper\">\n\t\t\t<p style=\"font-weight: 400;\"><a href=\"https:\/\/vestigaconsultores.com\/en\/insights\/empresas-en-mexico-no-ven-amenaza-en-la-inteligencia-artificial\/\" target=\"&quot;_blank\u201d\" rel=\"noopener\"><strong>\u00bfC\u00faal considera que ser\u00e1 el impacto de la Inteligencia Artificial en el desempe\u00f1o de su empresa en el mediano y largo plazos?<\/strong><\/a><\/p>\n\n\t\t<\/div>\n\t<\/div>\n<div class=\"vc_empty_space\"   style=\"height: 10px\"><span class=\"vc_empty_space_inner\"><\/span><\/div><div class=\"vc_progress_bar progress-bar-style1 wpb_content_element  progress-bar-style-default vc_progress-bar-color-bar_grey\" ><div class=\"vc_general vc_single_bar vc_progress-bar-color-bar_green\"><small class=\"vc_label\"><span class=\"progress-bar-value\">MUY POSITIVO - 20%<\/span><\/small><span class=\"vc_bar\" data-percentage-value=\"20\" data-value=\"20\"><\/span><\/div><div class=\"vc_general vc_single_bar vc_progress-bar-color-blue\"><small class=\"vc_label\"><span class=\"progress-bar-value\">ALGO POSITIVO - 31%<\/span><\/small><span class=\"vc_bar\" data-percentage-value=\"31\" data-value=\"31\"><\/span><\/div><div class=\"vc_general vc_single_bar vc_progress-bar-color-bar_grey\"><small class=\"vc_label\"><span class=\"progress-bar-value\">NEUTRO - 34%<\/span><\/small><span class=\"vc_bar\" data-percentage-value=\"34\" data-value=\"34\"><\/span><\/div><div class=\"vc_general vc_single_bar vc_progress-bar-color-bar_orange\"><small class=\"vc_label\"><span class=\"progress-bar-value\">ALGO NEGATIVO - 17%<\/span><\/small><span class=\"vc_bar\" data-percentage-value=\"17\" data-value=\"17\"><\/span><\/div><div class=\"vc_general vc_single_bar vc_progress-bar-color-bar_red\"><small class=\"vc_label\"><span class=\"progress-bar-value\">MUY NEGATIVO - 7%<\/span><\/small><span class=\"vc_bar\" data-percentage-value=\"7\" data-value=\"7\"><\/span><\/div><\/div><\/div><\/div><\/div><\/div><div class=\"vc_row-full-width vc_clearfix\"><\/div><div data-vc-full-width=\"true\" data-vc-full-width-init=\"false\" data-vc-parallax=\"1.5\" class=\"vc_row wpb_row vc_row-fluid vc_custom_1639077279521 color-scheme-white bg-color-1 vc_row-has-fill vc_row-stretch vc_general vc_parallax vc_parallax-content-moving\"><div class=\"wpb_column vc_column_container vc_col-sm-12\"><div class=\"vc_column-inner\"><div class=\"wpb_wrapper\">\n\t<div class=\"wpb_text_column wpb_content_element\">\n\t\t<div class=\"wpb_wrapper\">\n\t\t\t<h3 style=\"text-align: center;\"><span style=\"color: #000000;\">Who are we?<\/span><\/h3>\n\n\t\t<\/div>\n\t<\/div>\n<div class=\"video-lightbox color-scheme-white video-lightbox-img\"><div class=\"video-lightbox-inner\"><a href=\"https:\/\/youtu.be\/i6MXlCVJ8NU\" class=\"video-link mp-video\"><div class=\"video-lightbox-image-holder video-lightbox-round\" style=\"background-image:url(https:\/\/vestigaconsultores.com\/wp-content\/uploads\/2022\/08\/new-office-in-Monterrey.jpg)\"><div class=\"bg-overlay bg-overlay-dark20\"><\/div><div class=\"video-lightbox-image-icon\"><i class=\"engage-icon-icon engage-icon-triangle-right-17\"><\/i><\/div><\/div><\/a><\/div><\/div><\/div><\/div><\/div><\/div><div class=\"vc_row-full-width vc_clearfix\"><\/div><div data-vc-full-width=\"true\" data-vc-full-width-init=\"false\" data-vc-parallax=\"1.2\" class=\"vc_row wpb_row vc_row-fluid vc_custom_1639086401290 bg-color-1 vc_row-has-fill vc_row-stretch vc_general vc_parallax vc_parallax-content-moving\"><div class=\"wpb_column vc_column_container vc_col-sm-4\"><div class=\"vc_column-inner\"><div class=\"wpb_wrapper\">\n\t<div class=\"wpb_text_column wpb_content_element\">\n\t\t<div class=\"wpb_wrapper\">\n\t\t\t<div id=\"counter-585\" class=\"vntd-counter vntd-content-element counter-color-dark counter-with-icon\" data-perc=\"25\"><div class=\"counter-icon\"><i class=\"vc_li vc_li-bulb\"><\/i><\/div><div class=\"counter-value\"><div class=\"counter-number\">0<\/div><\/div><div class=\"counter-title\">Services<\/div><\/div>\n\n\t\t<\/div>\n\t<\/div>\n\n\t<div class=\"wpb_text_column wpb_content_element\">\n\t\t<div class=\"wpb_wrapper\">\n\t\t\t<p>Our portfolio of solutions includes <em>Background Check<\/em>, <em>Due Diligence<\/em>, Risk Analysis, Security and many other services.<\/p>\n\n\t\t<\/div>\n\t<\/div>\n<\/div><\/div><\/div><div class=\"wpb_column vc_column_container vc_col-sm-4\"><div class=\"vc_column-inner\"><div class=\"wpb_wrapper\">\n\t<div class=\"wpb_text_column wpb_content_element\">\n\t\t<div class=\"wpb_wrapper\">\n\t\t\t<div id=\"counter-659\" class=\"vntd-counter vntd-content-element counter-color-dark counter-with-icon\" data-perc=\"10\"><div class=\"counter-icon\"><i class=\"vc_li vc_li-world\"><\/i><\/div><div class=\"counter-value\"><div class=\"counter-number\">0<\/div><\/div><div class=\"counter-title\">Countries<\/div><\/div>\n\n\t\t<\/div>\n\t<\/div>\n\n\t<div class=\"wpb_text_column wpb_content_element\">\n\t\t<div class=\"wpb_wrapper\">\n\t\t\t<p>We have worked with clients on projects in Mexico as well as in many other countries, including the United States, Spain, Guatemala, Panama and Brazil.<\/p>\n\n\t\t<\/div>\n\t<\/div>\n<\/div><\/div><\/div><div class=\"wpb_column vc_column_container vc_col-sm-4\"><div class=\"vc_column-inner\"><div class=\"wpb_wrapper\">\n\t<div class=\"wpb_text_column wpb_content_element\">\n\t\t<div class=\"wpb_wrapper\">\n\t\t\t<div id=\"counter-223\" class=\"vntd-counter vntd-content-element counter-color-dark counter-with-icon\" data-perc=\"18\"><div class=\"counter-icon\"><i class=\"vc_li vc_li-like\"><\/i><\/div><div class=\"counter-value\"><div class=\"counter-number\">0<\/div><\/div><div class=\"counter-title\">Sectors<\/div><\/div>\n\n\t\t<\/div>\n\t<\/div>\n\n\t<div class=\"wpb_text_column wpb_content_element\">\n\t\t<div class=\"wpb_wrapper\">\n\t\t\t<p>Experience on cases in various industrial and service sectors, including banking, mining, telecommunications and manufacturing, among others.<\/p>\n\n\t\t<\/div>\n\t<\/div>\n<\/div><\/div><\/div><\/div><div class=\"vc_row-full-width vc_clearfix\"><\/div><div data-vc-full-width=\"true\" data-vc-full-width-init=\"false\" data-vc-stretch-content=\"true\" data-vc-parallax=\"1.5\" class=\"vc_row wpb_row vc_row-fluid vc_custom_1620067835814 vc_row-has-fill vc_row-stretch vc_row-no-padding vc_general vc_parallax vc_parallax-content-moving\"><div class=\"wpb_column vc_column_container vc_col-sm-12\"><div class=\"vc_column-inner\"><div class=\"wpb_wrapper\"><div class=\"vntd-cta cta-text-color-white bg-color-accent cta-align-left\"><div class=\"container\"><div class=\"row\"><div class=\"cta-texts col-md-8 col-sm-12\"><h2 class=\"cta-heading\"><span>Get to know us<\/span><\/h2><p class=\"cta-subtitle\">Find out how VESTIGA can help your organization.<\/p><\/div><div class=\"cta-buttons col-md-4 col-sm-12\"><a href=\"https:\/\/vestigaconsultores.com\/en\/contacto\/\" title=\"CONTACT\" class=\"btn cta-btn1 btn-solid btn-white btn-hover-dark\">CONTACT US<\/a><\/div><\/div><\/div><\/div><\/div><\/div><\/div><\/div><div class=\"vc_row-full-width vc_clearfix\"><\/div>","protected":false},"excerpt":{"rendered":"Inteligencia de negocios l Ciberseguridad l Seguridad PatrimonialAportamos soluciones para tu organizaci\u00f3n en casos de crisis, litigios y cambio ExperienciaVESTIGA cuenta con un equipo multidisciplinario proveniente de las principales consultor\u00edas globales de riesgo. ConfidencialidadSabemos la importancia de garantizar la mayor discreci\u00f3n y profesionalismo a las organizaciones que servimos. Apasionados de [...]","protected":false},"author":1,"featured_media":0,"parent":0,"menu_order":0,"comment_status":"closed","ping_status":"closed","template":"","meta":{"_mi_skip_tracking":false},"yoast_head":"<!-- This site is optimized with the Yoast SEO plugin v16.1.1 - https:\/\/yoast.com\/wordpress\/plugins\/seo\/ -->\n<title>Vestiga - Inicio - Background Check y Due Diligence en M\u00e9xico<\/title>\n<meta name=\"description\" content=\"Vestiga es una consultor\u00eda en Inteligencia de Negocios, Ciberseguridad y Seguridad Patrimonial. Aportamos soluciones en crisis y litigios.\" \/>\n<link rel=\"canonical\" href=\"https:\/\/vestigaconsultores.com\/en\/\" \/>\n<meta property=\"og:locale\" content=\"en_US\" \/>\n<meta property=\"og:type\" content=\"article\" \/>\n<meta property=\"og:title\" content=\"Vestiga - Inicio - Background Check y Due Diligence en M\u00e9xico\" \/>\n<meta property=\"og:description\" content=\"Vestiga es una consultor\u00eda en Inteligencia de Negocios, Ciberseguridad y Seguridad Patrimonial. Aportamos soluciones en crisis y litigios.\" \/>\n<meta property=\"og:url\" content=\"https:\/\/vestigaconsultores.com\/en\/\" \/>\n<meta property=\"og:site_name\" content=\"Vestiga Consultores\" \/>\n<meta property=\"article:modified_time\" content=\"2023-05-16T17:38:15+00:00\" \/>\n<meta name=\"twitter:card\" content=\"summary_large_image\" \/>\n<meta name=\"twitter:label1\" content=\"Est. reading time\">\n\t<meta name=\"twitter:data1\" content=\"2 minutes\">\n<script type=\"application\/ld+json\" class=\"yoast-schema-graph\">{\"@context\":\"https:\/\/schema.org\",\"@graph\":[{\"@type\":\"WebSite\",\"@id\":\"https:\/\/vestigaconsultores.com\/#website\",\"url\":\"https:\/\/vestigaconsultores.com\/\",\"name\":\"Vestiga Consultores\",\"description\":\"Consultor&iacute;a de Riesgo\",\"potentialAction\":[{\"@type\":\"SearchAction\",\"target\":\"https:\/\/vestigaconsultores.com\/?s={search_term_string}\",\"query-input\":\"required name=search_term_string\"}],\"inLanguage\":\"en-US\"},{\"@type\":\"WebPage\",\"@id\":\"https:\/\/vestigaconsultores.com\/#webpage\",\"url\":\"https:\/\/vestigaconsultores.com\/\",\"name\":\"Vestiga - Inicio - Background Check y Due Diligence en M\\u00e9xico\",\"isPartOf\":{\"@id\":\"https:\/\/vestigaconsultores.com\/#website\"},\"datePublished\":\"2017-08-09T11:35:10+00:00\",\"dateModified\":\"2023-05-16T17:38:15+00:00\",\"description\":\"Vestiga es una consultor\\u00eda en Inteligencia de Negocios, Ciberseguridad y Seguridad Patrimonial. Aportamos soluciones en crisis y litigios.\",\"breadcrumb\":{\"@id\":\"https:\/\/vestigaconsultores.com\/#breadcrumb\"},\"inLanguage\":\"en-US\",\"potentialAction\":[{\"@type\":\"ReadAction\",\"target\":[\"https:\/\/vestigaconsultores.com\/\"]}]},{\"@type\":\"BreadcrumbList\",\"@id\":\"https:\/\/vestigaconsultores.com\/#breadcrumb\",\"itemListElement\":[{\"@type\":\"ListItem\",\"position\":1,\"item\":{\"@type\":\"WebPage\",\"@id\":\"https:\/\/vestigaconsultores.com\/\",\"url\":\"https:\/\/vestigaconsultores.com\/\",\"name\":\"Portada\"}},{\"@type\":\"ListItem\",\"position\":2,\"item\":{\"@type\":\"WebPage\",\"@id\":\"https:\/\/vestigaconsultores.com\/\",\"url\":\"https:\/\/vestigaconsultores.com\/\",\"name\":\"Inicio\"}}]}]}<\/script>\n<!-- \/ Yoast SEO plugin. -->","_links":{"self":[{"href":"https:\/\/vestigaconsultores.com\/en\/wp-json\/wp\/v2\/pages\/892"}],"collection":[{"href":"https:\/\/vestigaconsultores.com\/en\/wp-json\/wp\/v2\/pages"}],"about":[{"href":"https:\/\/vestigaconsultores.com\/en\/wp-json\/wp\/v2\/types\/page"}],"author":[{"embeddable":true,"href":"https:\/\/vestigaconsultores.com\/en\/wp-json\/wp\/v2\/users\/1"}],"replies":[{"embeddable":true,"href":"https:\/\/vestigaconsultores.com\/en\/wp-json\/wp\/v2\/comments?post=892"}],"version-history":[{"count":94,"href":"https:\/\/vestigaconsultores.com\/en\/wp-json\/wp\/v2\/pages\/892\/revisions"}],"predecessor-version":[{"id":712683,"href":"https:\/\/vestigaconsultores.com\/en\/wp-json\/wp\/v2\/pages\/892\/revisions\/712683"}],"wp:attachment":[{"href":"https:\/\/vestigaconsultores.com\/en\/wp-json\/wp\/v2\/media?parent=892"}],"curies":[{"name":"wp","href":"https:\/\/api.w.org\/{rel}","templated":true}]}}